{"id":807,"date":"2023-05-31T19:19:48","date_gmt":"2023-05-31T19:19:48","guid":{"rendered":"https:\/\/kitabiberbau.ch\/?page_id=807"},"modified":"2024-12-22T16:19:56","modified_gmt":"2024-12-22T16:19:56","slug":"home-new","status":"publish","type":"page","link":"https:\/\/kitabiberbau.ch\/","title":{"rendered":"Neue Startseite"},"content":{"rendered":"<div id=\"cs-content\" class=\"cs-content\"><div class=\"x-section x-hide-sm x-hide-xs e807-e1 mmf-0 mmf-1\"><div class=\"x-bg\" aria-hidden=\"true\"><div class=\"x-bg-layer-lower-image\"><\/div><\/div><div class=\"x-row e807-e2 mmf-a mmf-b mmf-f mmf-g\"><div class=\"x-row-inner\"><div class=\"x-col e807-e3 mmf-n mmf-o\"><div class=\"x-bg\" aria-hidden=\"true\"><div class=\"x-bg-layer-lower-image\"><\/div><\/div><div class=\"x-text x-content e807-e5 mmf-x mmf-y mmf-z mmf-10 mmf-11 mmf-12\"><h1 style=\"text-align: center;\"><span style=\"color: #ffffff;\">Herzlich willkommen <br \/>\n<\/span><span style=\"color: #ffffff;\">bei der <br \/>\nKita BiberBau\u00a0<br \/>\n<\/span><\/h1><\/div><\/div><\/div><\/div><\/div><div class=\"x-section x-hide-sm x-hide-xs e807-e6 mmf-1 mmf-2 mmf-3 mmf-4\"><div class=\"x-row x-container max width e807-e7 mmf-a mmf-c mmf-d mmf-h mmf-i\"><div class=\"x-row-inner\"><div class=\"x-col e807-e8 mmf-o mmf-p\"><span class=\"x-image e807-e9 mmf-q mmf-r mmf-s mmf-t mmf-u\"><img decoding=\"async\" src=\"https:\/\/kitabiberbau.ch\/wp-content\/uploads\/2023\/05\/Logo_Biberbau_CMYK_neutral-10.png\" width=\"1847\" height=\"735\" alt=\"Logo Kita Biberbau\" loading=\"lazy\"><\/span><div class=\"x-text x-content e807-e10 mmf-x mmf-13 mmf-14 mmf-15 mmf-16 mmf-17 mmf-18\"><p style=\"text-align: center;\">Kinder erobern unsere Herzen...<\/p><\/div><div class=\"x-text x-content e807-e11 mmf-x mmf-y mmf-z mmf-18 mmf-19 mmf-1a\"><p style=\"text-align: center;\">...springen in Pf\u00fctzen, leben den Augenblick, sind Entdecker, erfinden Geschichten, lachen viel, klettern auf B\u00e4ume, <br \/>\nbrauchen eine Hand, die sie h\u00e4lt und ein Ohr, das ihnen zuh\u00f6rt...<\/p>\n\n<div class=\"tco-empty-element-transit\"><\/div><\/div><div class=\"x-text x-content e807-e12 mmf-x mmf-13 mmf-14 mmf-15 mmf-16 mmf-17 mmf-18\"><\/div><div class=\"x-text x-content e807-e13 mmf-x mmf-11 mmf-13 mmf-14 mmf-15 mmf-16 mmf-17 mmf-18\"><p style=\"text-align: center;\">In unserer Kita nehmen wir uns die Zeit daf\u00fcr und Sie entscheiden, an welchem Standort:<\/p><\/div><\/div><\/div><\/div><\/div><div class=\"x-section has-particle x-hide-sm x-hide-xs e807-e14 mmf-1 mmf-2 mmf-5 mmf-6 mmf-9\"><div class=\"x-row x-container max width e807-e15 mmf-a mmf-c mmf-e mmf-h mmf-j\"><div class=\"x-row-inner\"><div class=\"x-col e807-e16 mmf-o\"><div class=\"x-text x-content e807-e17 mmf-x mmf-y mmf-15 mmf-16 mmf-17 mmf-18\">BiberBau B&uuml;rglen<\/div><a class=\"x-image e807-e18 mmf-q mmf-r mmf-s\" href=\"https:\/\/kitabiberbau.ch\/?page_id=73\" rel=\"nofollow\"><img decoding=\"async\" src=\"https:\/\/kitabiberbau.ch\/wp-content\/uploads\/2021\/02\/little-boy.jpg\" width=\"640\" height=\"426\" alt=\"Kita Biber Bau Kleinkinder\" loading=\"lazy\"><\/a><\/div><div class=\"x-col e807-e19 mmf-o\"><div class=\"x-text x-content e807-e20 mmf-x mmf-y mmf-16 mmf-17 mmf-18 mmf-1b\">BiberBau H&uuml;ttwilen<\/div><a class=\"x-image e807-e21 mmf-r mmf-s mmf-v\" href=\"https:\/\/kitabiberbau.ch\/?page_id=804\" rel=\"nofollow\"><img decoding=\"async\" src=\"https:\/\/kitabiberbau.ch\/wp-content\/uploads\/2021\/03\/child-web-1.jpg\" width=\"700\" height=\"466\" alt=\"M\u00e4dchen mit Handfarben\" loading=\"lazy\"><\/a><\/div><div class=\"x-col e807-e22 mmf-o\"><div class=\"x-text x-content e807-e23 mmf-x mmf-y mmf-16 mmf-17 mmf-18 mmf-1b\"><p>BiberBau Weinfelden<\/p><\/div><a class=\"x-image e807-e24 mmf-r mmf-s mmf-v\" href=\"https:\/\/kitabiberbau.ch\/?page_id=1124\" rel=\"nofollow\"><img decoding=\"async\" src=\"https:\/\/kitabiberbau.ch\/wp-content\/uploads\/2021\/03\/baby-web.jpg\" width=\"1400\" height=\"988\" alt=\"Kleinkind Kita\" loading=\"lazy\"><\/a><\/div><div class=\"x-col e807-e25 mmf-o\"><div class=\"x-text x-content e807-e26 mmf-x mmf-y mmf-16 mmf-17 mmf-18 mmf-1b\">BiberBau Sch\u00f6nenberg<\/div><a class=\"x-image e807-e27 mmf-r mmf-s mmf-v\" href=\"https:\/\/kitabiberbau.ch\/?page_id=1236\" rel=\"nofollow\"><img decoding=\"async\" src=\"https:\/\/kitabiberbau.ch\/wp-content\/uploads\/2021\/02\/Junge_schule.jpg\" width=\"1920\" height=\"1280\" alt=\"Unser Angebot Alter\" loading=\"lazy\"><\/a><\/div><\/div><\/div><span class=\"x-particle is-secondary\" data-x-particle=\"scale-y inside-b_c\" aria-hidden=\"true\"><span style=\"\"><\/span><\/span><\/div><div class=\"x-section x-hide-lg x-hide-md x-hide-xl e807-e28 mmf-0 mmf-1\"><div class=\"x-bg\" aria-hidden=\"true\"><div class=\"x-bg-layer-lower-image\"><\/div><\/div><div class=\"x-row e807-e29 mmf-a mmf-b mmf-f mmf-k\"><div class=\"x-row-inner\"><div class=\"x-col e807-e30 mmf-n mmf-o\"><div class=\"x-bg\" aria-hidden=\"true\"><div class=\"x-bg-layer-lower-image\"><\/div><\/div><div class=\"x-text x-content e807-e31 mmf-x mmf-z mmf-11 mmf-12 mmf-13 mmf-1c\"><h2 style=\"text-align: center;\"><span style=\"color: #ffffff;\">Herzlich willkommen <\/span><br \/>\n<span style=\"color: #ffffff;\">bei der <br \/>\nKita BiberBau<\/span><\/h2><\/div><\/div><\/div><\/div><\/div><div class=\"x-section x-hide-lg x-hide-md x-hide-xl e807-e32 mmf-1 mmf-2 mmf-3 mmf-7\"><div class=\"x-row x-container max width e807-e33 mmf-a mmf-c mmf-d mmf-h mmf-l\"><div class=\"x-row-inner\"><div class=\"x-col e807-e34 mmf-o\"><span class=\"x-image e807-e35 mmf-q mmf-s mmf-u mmf-w\"><img decoding=\"async\" src=\"https:\/\/kitabiberbau.ch\/wp-content\/uploads\/2023\/05\/Logo_Biberbau_CMYK_neutral-10.png\" width=\"1847\" height=\"735\" alt=\"Logo Kita Biberbau\" loading=\"lazy\"><\/span><div class=\"x-text x-content e807-e36 mmf-x mmf-y mmf-15 mmf-16 mmf-17 mmf-18\"><p style=\"text-align: center;\"><span style=\"color: #000000;\">&nbsp; Kinder erobern unsere Herzen...<\/span><\/p><\/div><div class=\"x-text x-content e807-e37 mmf-x mmf-y mmf-15 mmf-17 mmf-18 mmf-19\"><p style=\"text-align: justify;\">...springen in Pf\u00fctzen, leben den Augenblick, sind Entdecker, erfinden Geschichten, lachen viel, klettern auf B\u00e4ume, brauchen eine Hand, die sie h\u00e4lt und ein Ohr, das ihnen zuh\u00f6rt...<\/p><\/div><div class=\"x-text x-content e807-e38 mmf-x mmf-y mmf-15 mmf-17 mmf-18 mmf-19\"><\/div><div class=\"x-text x-content e807-e39 mmf-x mmf-y mmf-15 mmf-16 mmf-17 mmf-18\"><p style=\"text-align: center;\"><span style=\"color: #000000;\">In unserer Kita nehmen wir uns die Zeit daf&uuml;r und Sie entscheiden, an welchem Standort:<\/span><\/p><\/div><\/div><\/div><\/div><\/div><div class=\"x-section has-particle x-hide-lg x-hide-md x-hide-xl e807-e40 mmf-1 mmf-2 mmf-6 mmf-8 mmf-9\"><div class=\"x-row x-container max width e807-e41 mmf-a mmf-c mmf-e mmf-h mmf-m\"><div class=\"x-row-inner\"><div class=\"x-col e807-e42 mmf-o\"><div class=\"x-text x-content e807-e43 mmf-x mmf-y mmf-15 mmf-17 mmf-18 mmf-1d\">H&uuml;ttwilen<\/div><a class=\"x-image e807-e44 mmf-q mmf-r mmf-s\" href=\"https:\/\/kitabiberbau.ch\/?page_id=804\"><img decoding=\"async\" src=\"https:\/\/kitabiberbau.ch\/wp-content\/uploads\/2021\/03\/little-boy_web.jpg\" width=\"700\" height=\"466\" alt=\"Kleinkind in der Kita Biberbau\" loading=\"lazy\"><\/a><\/div><div class=\"x-col e807-e45 mmf-o\"><div class=\"x-text x-content e807-e46 mmf-x mmf-y mmf-17 mmf-18 mmf-1b mmf-1d\">B&uuml;rglen<\/div><a class=\"x-image e807-e47 mmf-q mmf-r mmf-s\" href=\"https:\/\/kitabiberbau.ch\/?page_id=73\"><img decoding=\"async\" src=\"https:\/\/kitabiberbau.ch\/wp-content\/uploads\/2021\/03\/child-web-1.jpg\" width=\"700\" height=\"466\" alt=\"M\u00e4dchen mit Handfarben\" loading=\"lazy\"><\/a><\/div><div class=\"x-col e807-e48 mmf-o\"><div class=\"x-text x-content e807-e49 mmf-x mmf-y mmf-17 mmf-18 mmf-1b mmf-1d\"><p>Weinfelden<\/p><\/div><a class=\"x-image e807-e50 mmf-q mmf-r mmf-s\" href=\"https:\/\/kitabiberbau.ch\/?page_id=1124\"><img decoding=\"async\" src=\"https:\/\/kitabiberbau.ch\/wp-content\/uploads\/2021\/03\/baby-web.jpg\" width=\"700\" height=\"494\" alt=\"Kleinkind Kita\" loading=\"lazy\"><\/a><\/div><div class=\"x-col e807-e51 mmf-o\"><div class=\"x-text x-content e807-e52 mmf-x mmf-y mmf-17 mmf-18 mmf-1b mmf-1d\"><p>Sch&ouml;nenberg<\/p><\/div><a class=\"x-image e807-e53 mmf-q mmf-r mmf-s\" href=\"https:\/\/kitabiberbau.ch\/?page_id=1236\"><img decoding=\"async\" src=\"https:\/\/kitabiberbau.ch\/wp-content\/uploads\/2021\/02\/Junge_schule.jpg\" width=\"960\" height=\"640\" alt=\"Unser Angebot Alter\" loading=\"lazy\"><\/a><\/div><\/div><\/div><span class=\"x-particle is-secondary\" data-x-particle=\"scale-y inside-b_c\" aria-hidden=\"true\"><span style=\"\"><\/span><\/span><\/div><\/div>\n","protected":false},"excerpt":{"rendered":"<p>Herzlich willkommen bei der Kita BiberBau\u00a0 Kinder erobern unsere Herzen&#8230;&#8230;springen in Pf\u00fctzen, leben den Augenblick, sind Entdecker, erfinden Geschichten, lachen viel, klettern auf B\u00e4ume, brauchen eine Hand, die sie h\u00e4lt und ein Ohr, das ihnen zuh\u00f6rt&#8230; In unserer Kita nehmen wir uns die Zeit daf\u00fcr und Sie entscheiden, an welchem Standort:BiberBau B&uuml;rglenBiberBau H&uuml;ttwilenBiberBau WeinfeldenBiberBau Sch\u00f6nenbergHerzlich willkommen bei der Kita BiberBau&nbsp; &#8230; <\/p>\n<div><a href=\"https:\/\/kitabiberbau.ch\/\" class=\"more-link\">Read More<\/a><\/div>\n","protected":false},"author":1,"featured_media":0,"parent":0,"menu_order":0,"comment_status":"closed","ping_status":"closed","template":"template-blank-6.php","meta":{"footnotes":""},"class_list":["post-807","page","type-page","status-publish","hentry","no-post-thumbnail"],"_links":{"self":[{"href":"https:\/\/kitabiberbau.ch\/index.php?rest_route=\/wp\/v2\/pages\/807","targetHints":{"allow":["GET"]}}],"collection":[{"href":"https:\/\/kitabiberbau.ch\/index.php?rest_route=\/wp\/v2\/pages"}],"about":[{"href":"https:\/\/kitabiberbau.ch\/index.php?rest_route=\/wp\/v2\/types\/page"}],"author":[{"embeddable":true,"href":"https:\/\/kitabiberbau.ch\/index.php?rest_route=\/wp\/v2\/users\/1"}],"replies":[{"embeddable":true,"href":"https:\/\/kitabiberbau.ch\/index.php?rest_route=%2Fwp%2Fv2%2Fcomments&post=807"}],"version-history":[{"count":50,"href":"https:\/\/kitabiberbau.ch\/index.php?rest_route=\/wp\/v2\/pages\/807\/revisions"}],"predecessor-version":[{"id":1392,"href":"https:\/\/kitabiberbau.ch\/index.php?rest_route=\/wp\/v2\/pages\/807\/revisions\/1392"}],"wp:attachment":[{"href":"https:\/\/kitabiberbau.ch\/index.php?rest_route=%2Fwp%2Fv2%2Fmedia&parent=807"}],"curies":[{"name":"wp","href":"https:\/\/api.w.org\/{rel}","templated":true}]}}