{"id":804,"date":"2023-05-29T19:26:21","date_gmt":"2023-05-29T19:26:21","guid":{"rendered":"https:\/\/kitabiberbau.ch\/?page_id=804"},"modified":"2023-06-28T18:54:39","modified_gmt":"2023-06-28T18:54:39","slug":"home-huettwilen","status":"publish","type":"page","link":"https:\/\/kitabiberbau.ch\/?page_id=804","title":{"rendered":"Home H\u00fcttwilen"},"content":{"rendered":"<div id=\"cs-content\" class=\"cs-content\"><\/div>\n","protected":false},"excerpt":{"rendered":"<p>Herzlich willkommen bei der Kita BiberBau \u00a0H\u00fcttwilen Ein Ort, an dem sich Ihr Kind geborgen f&uuml;hlt&nbsp; &nbsp; &nbsp; &nbsp; &nbsp; &nbsp; &nbsp; &nbsp; Unsere Kita bietet Platz f\u00fcr Kinder ab 3 Monaten bis zur 6. Klasse. Ein motiviertes, fr\u00f6hliches und kompetentes Team f\u00f6rdert die Neugier Ihres Kindes und unterst\u00fctzt es beim Entfalten der individuellen F\u00e4higkeiten. Wir legen grossen Wert auf &#8230; <\/p>\n<div><a href=\"https:\/\/kitabiberbau.ch\/?page_id=804\" class=\"more-link\">Read More<\/a><\/div>\n","protected":false},"author":1,"featured_media":0,"parent":0,"menu_order":0,"comment_status":"closed","ping_status":"closed","template":"template-blank-4.php","meta":{"footnotes":""},"class_list":["post-804","page","type-page","status-publish","hentry","no-post-thumbnail"],"_links":{"self":[{"href":"https:\/\/kitabiberbau.ch\/index.php?rest_route=\/wp\/v2\/pages\/804","targetHints":{"allow":["GET"]}}],"collection":[{"href":"https:\/\/kitabiberbau.ch\/index.php?rest_route=\/wp\/v2\/pages"}],"about":[{"href":"https:\/\/kitabiberbau.ch\/index.php?rest_route=\/wp\/v2\/types\/page"}],"author":[{"embeddable":true,"href":"https:\/\/kitabiberbau.ch\/index.php?rest_route=\/wp\/v2\/users\/1"}],"replies":[{"embeddable":true,"href":"https:\/\/kitabiberbau.ch\/index.php?rest_route=%2Fwp%2Fv2%2Fcomments&post=804"}],"version-history":[{"count":15,"href":"https:\/\/kitabiberbau.ch\/index.php?rest_route=\/wp\/v2\/pages\/804\/revisions"}],"predecessor-version":[{"id":963,"href":"https:\/\/kitabiberbau.ch\/index.php?rest_route=\/wp\/v2\/pages\/804\/revisions\/963"}],"wp:attachment":[{"href":"https:\/\/kitabiberbau.ch\/index.php?rest_route=%2Fwp%2Fv2%2Fmedia&parent=804"}],"curies":[{"name":"wp","href":"https:\/\/api.w.org\/{rel}","templated":true}]}}