{"id":801,"date":"2023-05-29T19:24:36","date_gmt":"2023-05-29T19:24:36","guid":{"rendered":"https:\/\/kitabiberbau.ch\/?page_id=801"},"modified":"2023-06-28T17:22:55","modified_gmt":"2023-06-28T17:22:55","slug":"anmelden-huettwilen","status":"publish","type":"page","link":"https:\/\/kitabiberbau.ch\/?page_id=801","title":{"rendered":"Anmelden H\u00fcttwilen"},"content":{"rendered":"<div id=\"cs-content\" class=\"cs-content\"><\/div>\n","protected":false},"excerpt":{"rendered":"<p>AnmeldenAnmeldung f&uuml;r einen Kita- oder HortplatzDie Anmeldung (provisorisch) erfolgt mittels unserem Online-Anmeldeformular. Nach Erhalt Ihrer Anmeldung nimmt die Kita-Leitung schnellst m&ouml;glich Kontakt mit Ihnen auf um die weiteren Details zu besprechen. Alternativ k&ouml;nnen Sie sich gerne telefonisch mit uns in Verbindung setzen und einen Termin zur Besichtigung unserer Kita vereinbaren.Anmeldeformular AnmeldeformularNameVornameEmailTelefon (tags\u00fcber)StandortBitte w\u00e4hlen Sie den gew\u00fcnschten StandortB\u00fcrglenH\u00fcttwilenWeinfeldenSch\u00f6nenbergVorname des KindesNachnameBemerkungensenden AnmeldenAnmeldung &#8230; <\/p>\n<div><a href=\"https:\/\/kitabiberbau.ch\/?page_id=801\" class=\"more-link\">Read More<\/a><\/div>\n","protected":false},"author":1,"featured_media":0,"parent":0,"menu_order":0,"comment_status":"closed","ping_status":"closed","template":"template-blank-4.php","meta":{"footnotes":""},"class_list":["post-801","page","type-page","status-publish","hentry","no-post-thumbnail"],"_links":{"self":[{"href":"https:\/\/kitabiberbau.ch\/index.php?rest_route=\/wp\/v2\/pages\/801","targetHints":{"allow":["GET"]}}],"collection":[{"href":"https:\/\/kitabiberbau.ch\/index.php?rest_route=\/wp\/v2\/pages"}],"about":[{"href":"https:\/\/kitabiberbau.ch\/index.php?rest_route=\/wp\/v2\/types\/page"}],"author":[{"embeddable":true,"href":"https:\/\/kitabiberbau.ch\/index.php?rest_route=\/wp\/v2\/users\/1"}],"replies":[{"embeddable":true,"href":"https:\/\/kitabiberbau.ch\/index.php?rest_route=%2Fwp%2Fv2%2Fcomments&post=801"}],"version-history":[{"count":6,"href":"https:\/\/kitabiberbau.ch\/index.php?rest_route=\/wp\/v2\/pages\/801\/revisions"}],"predecessor-version":[{"id":910,"href":"https:\/\/kitabiberbau.ch\/index.php?rest_route=\/wp\/v2\/pages\/801\/revisions\/910"}],"wp:attachment":[{"href":"https:\/\/kitabiberbau.ch\/index.php?rest_route=%2Fwp%2Fv2%2Fmedia&parent=801"}],"curies":[{"name":"wp","href":"https:\/\/api.w.org\/{rel}","templated":true}]}}