{"id":790,"date":"2023-05-29T19:21:03","date_gmt":"2023-05-29T19:21:03","guid":{"rendered":"https:\/\/kitabiberbau.ch\/?page_id=790"},"modified":"2023-10-03T19:18:11","modified_gmt":"2023-10-03T19:18:11","slug":"kontakt-huettwilen","status":"publish","type":"page","link":"https:\/\/kitabiberbau.ch\/?page_id=790","title":{"rendered":"Kontakt H\u00fcttwilen"},"content":{"rendered":"<div id=\"cs-content\" class=\"cs-content\"><\/div>\n","protected":false},"excerpt":{"rendered":"<p>KontaktUnsere KitaBiberBau H&uuml;ttwilen GmbH Engelgasse 2 8536 H&uuml;ttwilen +41 52 740 55 44 info@kitabiberbau.chKontaktieren Sie uns,wenn Sie Anmerkungen oder Fragen haben, mehr Informationen w&uuml;nschen oder einen Besichtigungstermin vereinbaren m&ouml;chten. Zum Anmeldeformular f&uuml;r die Kita klicken Sie hier:Anmelden KontaktformularNameVornameEmail AdresseTelefonBetreffStandortBitte w\u00e4hlen Sie den gew\u00fcnschten StandortB\u00fcrglenH\u00fcttwilenWeinfeldenSch\u00f6nenbergMitteilungsenden KontaktUnsere KitaEngelgasse 2 8536 H&uuml;ttwilen +41 52 740 55 44 info@kitabiberbau.chKontaktieren Sie uns,wenn Sie Anmerkungen oder &#8230; <\/p>\n<div><a href=\"https:\/\/kitabiberbau.ch\/?page_id=790\" class=\"more-link\">Read More<\/a><\/div>\n","protected":false},"author":1,"featured_media":0,"parent":0,"menu_order":0,"comment_status":"closed","ping_status":"closed","template":"template-blank-4.php","meta":{"footnotes":""},"class_list":["post-790","page","type-page","status-publish","hentry","no-post-thumbnail"],"_links":{"self":[{"href":"https:\/\/kitabiberbau.ch\/index.php?rest_route=\/wp\/v2\/pages\/790","targetHints":{"allow":["GET"]}}],"collection":[{"href":"https:\/\/kitabiberbau.ch\/index.php?rest_route=\/wp\/v2\/pages"}],"about":[{"href":"https:\/\/kitabiberbau.ch\/index.php?rest_route=\/wp\/v2\/types\/page"}],"author":[{"embeddable":true,"href":"https:\/\/kitabiberbau.ch\/index.php?rest_route=\/wp\/v2\/users\/1"}],"replies":[{"embeddable":true,"href":"https:\/\/kitabiberbau.ch\/index.php?rest_route=%2Fwp%2Fv2%2Fcomments&post=790"}],"version-history":[{"count":11,"href":"https:\/\/kitabiberbau.ch\/index.php?rest_route=\/wp\/v2\/pages\/790\/revisions"}],"predecessor-version":[{"id":1010,"href":"https:\/\/kitabiberbau.ch\/index.php?rest_route=\/wp\/v2\/pages\/790\/revisions\/1010"}],"wp:attachment":[{"href":"https:\/\/kitabiberbau.ch\/index.php?rest_route=%2Fwp%2Fv2%2Fmedia&parent=790"}],"curies":[{"name":"wp","href":"https:\/\/api.w.org\/{rel}","templated":true}]}}