{"id":1262,"date":"2024-12-08T13:02:37","date_gmt":"2024-12-08T13:02:37","guid":{"rendered":"https:\/\/kitabiberbau.ch\/?page_id=1262"},"modified":"2024-12-08T14:07:34","modified_gmt":"2024-12-08T14:07:34","slug":"philosophie-2","status":"publish","type":"page","link":"https:\/\/kitabiberbau.ch\/?page_id=1262","title":{"rendered":"Philosophie Sch\u00f6nenberg"},"content":{"rendered":"<div id=\"cs-content\" class=\"cs-content\"><div class=\"x-section x-hide-sm x-hide-xs e1262-e1 mz2-0 mz2-1\"><div class=\"x-bg\" aria-hidden=\"true\"><div class=\"x-bg-layer-lower-image\"><\/div><\/div><div class=\"x-row x-container max width e1262-e2 mz2-3 mz2-4 mz2-5\"><div class=\"x-row-inner\"><div class=\"x-col e1262-e3 mz2-h\"><div class=\"x-text x-content e1262-e4 mz2-i mz2-j mz2-k mz2-l mz2-m\"><h1 style=\"text-align: center;\"><span style=\"color: #ffffff;\">Philosophie<\/span><\/h1><\/div><\/div><\/div><\/div><\/div><div class=\"x-section x-hide-sm x-hide-xs e1262-e5 mz2-0 mz2-2\"><div class=\"x-row x-container max width e1262-e6 mz2-3 mz2-4 mz2-6\"><div class=\"x-row-inner\"><div class=\"x-col e1262-e7 mz2-h\"><div class=\"x-text x-content e1262-e8 mz2-i mz2-j mz2-k mz2-n mz2-o\"><p style=\"text-align: center;\">Unsere Kita bietet den Kindern Sicherheit und Geborgenheit. <br \/>\nWir gehen offen und flexibel auf die Bed\u00fcrfnisse der Kinder ein<\/p><\/div><div class=\"x-text x-content e1262-e9 mz2-i mz2-j mz2-m mz2-p mz2-q\"><p style=\"text-align: justify;\">Unser Tagesablauf orientiert sich an festen Bring- und Abholzeiten, an Aktivit&auml;ts-, Mittags- und Ruhezeiten. Innerhalb dieser Strukturen achten wir darauf, flexibel und offen auf die Bed&uuml;rfnisse der Kinder eingehen zu k&ouml;nnen.&nbsp; Nicht nur klare Strukturen bieten den Kindern Sicherheit, auch Rituale und Regeln geben Halt und Geborgenheit. Morgenrituale erleichtern den Kindern das Ankommen in der Kita, die Integration in der Kindergruppe und den Start in den Tag. Auch der &Uuml;bergang vom Freispiel oder gef&uuml;hrten Aktivit&auml;ten in die Mittags- und Ruhezeit ist begleitet von Ritualen. Wir versammeln die Kinder im Kreis, machen Kreisspiele, erz&auml;hlen Geschichten oder singen Lieder. Das Ende des Kita-Tages signalisiert ein Abschiedsritual und das &Uuml;bergabegespr&auml;ch mit den Eltern.<br \/>Wir bieten den Kindern vielf&auml;ltige, gef&uuml;hrte Aktivit&auml;ten, unternehmen t&auml;glich etwas in der Natur und geben den Kindern gen&uuml;gend Raum f&uuml;r freies Spiel. Wir achten darauf, dass Erholung und Entspannung vom spannenden und interessanten, aber auch anstrengenden Kita-Alltag nicht zu kurz kommt. Jedes Kind braucht Ruhe oder Schlaf um neue Energie tanken zu k&ouml;nnen.<\/p><\/div><\/div><\/div><\/div><div class=\"x-row x-container max width e1262-e10 mz2-3 mz2-4 mz2-7\"><div class=\"x-row-inner\"><div class=\"x-col e1262-e11 mz2-h\"><hr class=\"x-line e1262-e12 mz2-t mz2-u\"\/><div class=\"x-text x-content e1262-e13 mz2-i mz2-j mz2-k mz2-n mz2-o\"><p style=\"text-align: center;\">Wir unterst&uuml;tzen Ihr Kind beim Kennenlernen und Vermitteln der eigenen Pers&ouml;nlichkeit <br \/>und beim Umgang mit den verschiedenen Charakteren seiner Mitmenschen<\/p><\/div><div class=\"x-text x-content e1262-e14 mz2-i mz2-j mz2-m mz2-p mz2-q\"><p style=\"text-align: justify;\">Sorgf&auml;ltig bauen unsere Betreuungspersonen die Beziehung zu Ihrem Kind auf. Wir schenken Ihrem Kind Aufmerksamkeit und Wertsch&auml;tzung und begegnen ihm verl&auml;sslich, empathisch und vertrauensvoll.<br \/>Jedes Kind ist einzigartig und bereichert das Zusammensein in der Kita auf seine eigene Art. Kinder k&ouml;nnen voneinander und von der Vielfalt der Menschen lernen und unterschiedliche Kontakte kn&uuml;pfen. Wir legen Wert darauf, dass sich alle Kinder der Gruppe zugeh&ouml;rig f&uuml;hlen.<\/p><\/div><\/div><\/div><\/div><div class=\"x-row x-container max width e1262-e15 mz2-3 mz2-4 mz2-8\"><div class=\"x-row-inner\"><div class=\"x-col e1262-e16 mz2-h\"><hr class=\"x-line e1262-e17 mz2-t mz2-u\"\/><div class=\"x-text x-content e1262-e18 mz2-i mz2-j mz2-k mz2-n mz2-o\"><p style=\"text-align: center;\">Wir f&ouml;rdern Ihr Kind ganzheitlich und individuell und begegnen ihm mit Achtung und Interesse<\/p><\/div><div class=\"x-text x-content e1262-e19 mz2-i mz2-j mz2-m mz2-p mz2-q\"><p style=\"text-align: justify;\">Wir fordern und f&ouml;rdern die Kinder ganzheitlich in den verschiedenen Entwicklungsbereichen und erm&ouml;glichen ihnen so individuelle Erfolgserlebnisse. Das Kind lernt, auf seine F&auml;higkeiten zu vertrauen und wir festigen das gewonnene Selbstvertrauen durch positives Verst&auml;rken.<\/p><\/div><\/div><\/div><\/div><div class=\"x-row x-container max width e1262-e20 mz2-3 mz2-4 mz2-9\"><div class=\"x-row-inner\"><div class=\"x-col e1262-e21 mz2-h\"><hr class=\"x-line e1262-e22 mz2-u mz2-v\"\/><div class=\"x-text x-content e1262-e23 mz2-i mz2-j mz2-m mz2-p mz2-q\"><p style=\"text-align: justify;\">F&uuml;r weitere Informationen stellen wir Ihnen gerne das Betriebskonzept und unser P&auml;dagogisches Konzept zur Verf&uuml;gung. Bitte nehmen Sie dazu <a href=\"https:\/\/kitabiberbau.ch\/?page_id=1253\">Kontakt<\/a> mit uns auf.&nbsp;&nbsp;<\/p><\/div><hr class=\"x-line e1262-e24 mz2-u mz2-v\"\/><\/div><\/div><\/div><div class=\"x-row x-container max width e1262-e25 mz2-3 mz2-4 mz2-a\"><div class=\"x-row-inner\"><div class=\"x-col e1262-e26 mz2-h\"><span class=\"x-image e1262-e27 mz2-w\"><img decoding=\"async\" src=\"https:\/\/kitabiberbau.ch\/wp-content\/uploads\/2021\/03\/hands-web-1.jpg\" width=\"700\" height=\"466\" alt=\"Kinderh\u00e4nde\" loading=\"lazy\"><\/span><\/div><div class=\"x-col e1262-e28 mz2-h\"><span class=\"x-image e1262-e29 mz2-w\"><img decoding=\"async\" src=\"https:\/\/kitabiberbau.ch\/wp-content\/uploads\/2021\/03\/little-boy_web.jpg\" width=\"700\" height=\"466\" alt=\"Kleinkind in der Kita Biberbau\" loading=\"lazy\"><\/span><\/div><div class=\"x-col e1262-e30 mz2-h\"><span class=\"x-image e1262-e31 mz2-w\"><img decoding=\"async\" src=\"https:\/\/kitabiberbau.ch\/wp-content\/uploads\/2021\/03\/kids-weltkugel_web.jpg\" width=\"700\" height=\"463\" alt=\"Junge Vorschulkind\" loading=\"lazy\"><\/span><\/div><\/div><\/div><\/div><div class=\"x-section x-hide-lg x-hide-md x-hide-xl e1262-e32 mz2-0 mz2-1\"><div class=\"x-bg\" aria-hidden=\"true\"><div class=\"x-bg-layer-lower-image\"><\/div><\/div><div class=\"x-row x-container max width e1262-e33 mz2-3 mz2-4 mz2-b\"><div class=\"x-row-inner\"><div class=\"x-col e1262-e34 mz2-h\"><div class=\"x-text x-content e1262-e35 mz2-i mz2-j mz2-k mz2-m mz2-q\"><h2 style=\"text-align: center;\"><span style=\"color: #ffffff;\">Philosophie<\/span><\/h2><\/div><\/div><\/div><\/div><\/div><div class=\"x-section x-hide-lg x-hide-md x-hide-xl e1262-e36 mz2-0 mz2-2\"><div class=\"x-row x-container max width e1262-e37 mz2-3 mz2-4 mz2-c\"><div class=\"x-row-inner\"><div class=\"x-col e1262-e38 mz2-h\"><div class=\"x-text x-content e1262-e39 mz2-i mz2-k mz2-o mz2-r\"><p style=\"text-align: center;\">Unsere Kita bietet den Kindern Sicherheit und Geborgenheit. <br \/>Wir gehen offen und flexibel auf die Bed&uuml;rfnisse der Kinder ein<\/p><\/div><div class=\"x-text x-content e1262-e40 mz2-i mz2-j mz2-m mz2-p mz2-s\"><p style=\"text-align: justify;\">Unser Tagesablauf orientiert sich an festen Bring- und Abholzeiten, an Aktivit&auml;ts-, Mittags- und Ruhezeiten. Innerhalb dieser Strukturen achten wir darauf, flexibel und offen auf die Bed&uuml;rfnisse der Kinder eingehen zu k&ouml;nnen.&nbsp; Nicht nur klare Strukturen bieten den Kindern Sicherheit, auch Rituale und Regeln geben Halt und Geborgenheit. Morgenrituale erleichtern den Kindern das Ankommen in der Kita, die Integration in der Kindergruppe und den Start in den Tag. Auch der &Uuml;bergang vom Freispiel oder gef&uuml;hrten Aktivit&auml;ten in die Mittags- und Ruhezeit ist begleitet von Ritualen. Wir versammeln die Kinder im Kreis, machen Kreisspiele, erz&auml;hlen Geschichten oder singen Lieder. Das Ende des Kita-Tages signalisiert ein Abschiedsritual und das &Uuml;bergabegespr&auml;ch mit den Eltern.<br \/>Wir bieten den Kindern vielf&auml;ltige, gef&uuml;hrte Aktivit&auml;ten, unternehmen t&auml;glich etwas in der Natur und geben den Kindern gen&uuml;gend Raum f&uuml;r freies Spiel. Wir achten darauf, dass Erholung und Entspannung vom spannenden und interessanten, aber auch anstrengenden Kita-Alltag nicht zu kurz kommt. Jedes Kind braucht Ruhe oder Schlaf um neue Energie tanken zu k&ouml;nnen.<\/p><\/div><\/div><\/div><\/div><div class=\"x-row x-container max width e1262-e41 mz2-3 mz2-4 mz2-d\"><div class=\"x-row-inner\"><div class=\"x-col e1262-e42 mz2-h\"><hr class=\"x-line e1262-e43 mz2-t mz2-u\"\/><div class=\"x-text x-content e1262-e44 mz2-i mz2-k mz2-o mz2-r\"><p style=\"text-align: center;\">Wir unterst&uuml;tzen Ihr Kind beim Kennenlernen und Vermitteln der eigenen Pers&ouml;nlichkeit <br \/>und beim Umgang mit den verschiedenen Charakteren seiner Mitmenschen<\/p><\/div><div class=\"x-text x-content e1262-e45 mz2-i mz2-j mz2-m mz2-p mz2-s\"><p style=\"text-align: justify;\">Sorgf\u00e4ltig bauen unsere Betreuungspersonen die Beziehung zu Ihrem Kind auf. Wir schenken Ihrem Kind Aufmerksamkeit und Wertsch\u00e4tzung und begegnen ihm verl\u00e4sslich, empathisch und vertrauensvoll.<br \/>\nJedes Kind ist einzigartig und bereichert das Zusammensein in der Kita auf seine eigene Art. Kinder k\u00f6nnen voneinander und von der Vielfalt der Menschen lernen und unterschiedliche Kontakte kn\u00fcpfen. Wir legen Wert darauf, dass sich alle Kinder der Gruppe zugeh\u00f6rig f\u00fchlen.<\/p><\/div><\/div><\/div><\/div><div class=\"x-row x-container max width e1262-e46 mz2-3 mz2-4 mz2-e\"><div class=\"x-row-inner\"><div class=\"x-col e1262-e47 mz2-h\"><hr class=\"x-line e1262-e48 mz2-t mz2-u\"\/><div class=\"x-text x-content e1262-e49 mz2-i mz2-k mz2-o mz2-r\"><p style=\"text-align: center;\">Wir f&ouml;rdern Ihr Kind ganzheitlich und individuell und begegnen ihm mit Achtung und Interesse<\/p><\/div><div class=\"x-text x-content e1262-e50 mz2-i mz2-j mz2-m mz2-p mz2-s\"><p style=\"text-align: justify;\">Wir fordern und f&ouml;rdern die Kinder ganzheitlich in den verschiedenen Entwicklungsbereichen und erm&ouml;glichen ihnen so individuelle Erfolgserlebnisse. Das Kind lernt, auf seine F&auml;higkeiten zu vertrauen und wir festigen das gewonnene Selbstvertrauen durch positives Verst&auml;rken.<\/p><\/div><\/div><\/div><\/div><div class=\"x-row x-container max width e1262-e51 mz2-3 mz2-4 mz2-f\"><div class=\"x-row-inner\"><div class=\"x-col e1262-e52 mz2-h\"><hr class=\"x-line e1262-e53 mz2-u mz2-v\"\/><div class=\"x-text x-content e1262-e54 mz2-i mz2-j mz2-m mz2-p mz2-q\"><p style=\"text-align: justify;\">F&uuml;r weitere Informationen stellen wir Ihnen gerne das Betriebskonzept und unser P&auml;dagogisches Konzept zur Verf&uuml;gung. Bitte nehmen Sie dazu <a href=\"https:\/\/kitabiberbau.ch\/?page_id=1253\">Kontakt<\/a> mit uns auf.&nbsp;&nbsp;<\/p><\/div><hr class=\"x-line e1262-e55 mz2-u mz2-v\"\/><\/div><\/div><\/div><div class=\"x-row x-container max width e1262-e56 mz2-3 mz2-4 mz2-g\"><div class=\"x-row-inner\"><div class=\"x-col e1262-e57 mz2-h\"><span class=\"x-image e1262-e58 mz2-w\"><img decoding=\"async\" src=\"https:\/\/kitabiberbau.ch\/wp-content\/uploads\/2021\/03\/hands-web-1.jpg\" width=\"700\" height=\"466\" alt=\"Kinderh\u00e4nde\" loading=\"lazy\"><\/span><\/div><div class=\"x-col e1262-e59 mz2-h\"><span class=\"x-image e1262-e60 mz2-w\"><img decoding=\"async\" src=\"https:\/\/kitabiberbau.ch\/wp-content\/uploads\/2021\/03\/little-boy_web.jpg\" width=\"700\" height=\"466\" alt=\"Kleinkind in der Kita Biberbau\" loading=\"lazy\"><\/span><\/div><div class=\"x-col e1262-e61 mz2-h\"><span class=\"x-image e1262-e62 mz2-w\"><img decoding=\"async\" src=\"https:\/\/kitabiberbau.ch\/wp-content\/uploads\/2021\/03\/kids-weltkugel_web.jpg\" width=\"700\" height=\"463\" alt=\"Junge Vorschulkind\" loading=\"lazy\"><\/span><\/div><\/div><\/div><\/div><\/div>\n","protected":false},"excerpt":{"rendered":"<p>PhilosophieUnsere Kita bietet den Kindern Sicherheit und Geborgenheit. Wir gehen offen und flexibel auf die Bed\u00fcrfnisse der Kinder einUnser Tagesablauf orientiert sich an festen Bring- und Abholzeiten, an Aktivit&auml;ts-, Mittags- und Ruhezeiten. Innerhalb dieser Strukturen achten wir darauf, flexibel und offen auf die Bed&uuml;rfnisse der Kinder eingehen zu k&ouml;nnen.&nbsp; Nicht nur klare Strukturen bieten den Kindern Sicherheit, auch Rituale und &#8230; <\/p>\n<div><a href=\"https:\/\/kitabiberbau.ch\/?page_id=1262\" class=\"more-link\">Read More<\/a><\/div>\n","protected":false},"author":1,"featured_media":0,"parent":0,"menu_order":0,"comment_status":"closed","ping_status":"closed","template":"template-blank-4.php","meta":{"footnotes":""},"class_list":["post-1262","page","type-page","status-publish","hentry","no-post-thumbnail"],"_links":{"self":[{"href":"https:\/\/kitabiberbau.ch\/index.php?rest_route=\/wp\/v2\/pages\/1262","targetHints":{"allow":["GET"]}}],"collection":[{"href":"https:\/\/kitabiberbau.ch\/index.php?rest_route=\/wp\/v2\/pages"}],"about":[{"href":"https:\/\/kitabiberbau.ch\/index.php?rest_route=\/wp\/v2\/types\/page"}],"author":[{"embeddable":true,"href":"https:\/\/kitabiberbau.ch\/index.php?rest_route=\/wp\/v2\/users\/1"}],"replies":[{"embeddable":true,"href":"https:\/\/kitabiberbau.ch\/index.php?rest_route=%2Fwp%2Fv2%2Fcomments&post=1262"}],"version-history":[{"count":2,"href":"https:\/\/kitabiberbau.ch\/index.php?rest_route=\/wp\/v2\/pages\/1262\/revisions"}],"predecessor-version":[{"id":1264,"href":"https:\/\/kitabiberbau.ch\/index.php?rest_route=\/wp\/v2\/pages\/1262\/revisions\/1264"}],"wp:attachment":[{"href":"https:\/\/kitabiberbau.ch\/index.php?rest_route=%2Fwp%2Fv2%2Fmedia&parent=1262"}],"curies":[{"name":"wp","href":"https:\/\/api.w.org\/{rel}","templated":true}]}}