{"id":1253,"date":"2024-12-08T13:00:45","date_gmt":"2024-12-08T13:00:45","guid":{"rendered":"https:\/\/kitabiberbau.ch\/?page_id=1253"},"modified":"2026-03-17T16:56:19","modified_gmt":"2026-03-17T16:56:19","slug":"kontakt-2","status":"publish","type":"page","link":"https:\/\/kitabiberbau.ch\/?page_id=1253","title":{"rendered":"Kontakt Sch\u00f6nenberg"},"content":{"rendered":"<div id=\"cs-content\" class=\"cs-content\"><div class=\"x-section x-hide-sm x-hide-xs e1253-e1 myt-0 myt-1\"><div class=\"x-bg\" aria-hidden=\"true\"><div class=\"x-bg-layer-lower-image\" data-x-element-bg-layer=\"{&quot;parallaxSize&quot;:&quot;100%&quot;,&quot;parallaxDir&quot;:&quot;v&quot;,&quot;parallaxRev&quot;:true}\"><\/div><\/div><div class=\"x-row x-container max width e1253-e2 myt-3 myt-4 myt-5 myt-6\"><div class=\"x-row-inner\"><div class=\"x-col e1253-e3 myt-e myt-f\"><div class=\"x-text x-content e1253-e4 myt-i myt-j myt-k myt-l myt-m\"><h1 style=\"text-align: center;\"><span style=\"color: #ffffff;\">Kontakt<\/span><\/h1><\/div><\/div><\/div><\/div><\/div><div class=\"x-section x-hide-sm x-hide-xs e1253-e5 myt-0 myt-2\"><div class=\"x-row x-container max width e1253-e6 myt-3 myt-5 myt-7\"><div class=\"x-row-inner\"><div class=\"x-col e1253-e7 myt-e myt-f\"><div class=\"x-text x-content e1253-e8 myt-i myt-j myt-n myt-o\"><p>Unsere Kita<\/p><\/div><div class=\"x-text x-content e1253-e9 myt-i myt-l myt-p myt-q\"><p>Weitenaustrasse 6a<br \/>\n9215 Sch\u00f6nenberg<\/p>\n<p><a href=\"tel:0041712208190\">+41 71 220 81 90<\/a><br \/>\n<a href=\"mailto:schoenenberg@kitabiberbau.ch\">schoenenberg@kitabiberbau.ch<\/a><\/p>\n<p><\/p><\/div><\/div><div class=\"x-col e1253-e10 myt-e myt-g\"><div  class=\"x-map embed\" ><div class=\"x-map-inner\"><iframe src=\"https:\/\/www.google.com\/maps\/embed?pb=!1m18!1m12!1m3!1d2692.9942842984856!2d9.148238215592876!3d47.54843997918094!2m3!1f0!2f0!3f0!3m2!1i1024!2i768!4f13.1!3m3!1m2!1s0x479aefda99842c61%3A0x2ed85dcdf391e112!2sIndustriestrasse%202c%2C%208575%20B%C3%BCrglen!5e0!3m2!1sde!2sch!4v1617046087190!5m2!1sde!2sch\" width=\"600\" height=\"450\" style=\"border:0;\" allowfullscreen=\"\" loading=\"lazy\"><\/iframe><\/div><\/div><\/div><\/div><\/div><div class=\"x-row x-container max width e1253-e12 myt-3 myt-4 myt-5 myt-8\"><div class=\"x-row-inner\"><div class=\"x-col e1253-e13 myt-e myt-f\"><hr class=\"x-line e1253-e14 myt-t myt-u\"\/><\/div><\/div><\/div><div class=\"x-row x-container max width e1253-e15 myt-3 myt-5 myt-9\"><div class=\"x-row-inner\"><div class=\"x-col e1253-e16 myt-e myt-f myt-h\"><div class=\"x-text x-content e1253-e17 myt-i myt-j myt-n myt-o\"><p>Kontaktieren Sie uns,<\/p><\/div><div class=\"x-text x-content e1253-e18 myt-i myt-l myt-p myt-q\"><p style=\"text-align: left;\">wenn Sie Anmerkungen oder Fragen haben, mehr Informationen w&uuml;nschen oder einen Besichtigungstermin vereinbaren m&ouml;chten.<\/p>\n<p style=\"text-align: left;\">Zum Anmeldeformular f&uuml;r die Kita klicken Sie hier:<\/p><\/div><hr class=\"x-line e1253-e19 myt-u myt-v\"\/><a class=\"x-anchor x-anchor-button e1253-e20 myt-w\" tabindex=\"0\" href=\"https:\/\/kitabiberbau.ch\/?page_id=1244\" rel=\"nofollow\"><div class=\"x-anchor-content\"><div class=\"x-anchor-text\"><span class=\"x-anchor-text-primary\">Anmelden<\/span><\/div><\/div><\/a><\/div><div class=\"x-col e1253-e21 myt-e myt-g\"><div class=\"x-text x-content e1253-e22 myt-i myt-j myt-l myt-q\"><div class='fluentform ff-default fluentform_wrapper_3 ffs_default_wrap'><form data-form_id=\"3\" id=\"fluentform_3\" class=\"frm-fluent-form fluent_form_3 ff-el-form-top ff_form_instance_3_1 ff-form-loading ffs_default\" data-form_instance=\"ff_form_instance_3_1\" method=\"POST\" ><fieldset  style=\"border: none!important;margin: 0!important;padding: 0!important;background-color: transparent!important;box-shadow: none!important;outline: none!important; min-inline-size: 100%;\">\n                    <legend class=\"ff_screen_reader_title\" style=\"display: block; margin: 0!important;padding: 0!important;height: 0!important;text-indent: -999999px;width: 0!important;overflow:hidden;\">Kontaktformular<\/legend><input type='hidden' name='__fluent_form_embded_post_id' value='1253' \/><input type=\"hidden\" id=\"_fluentform_3_fluentformnonce\" name=\"_fluentform_3_fluentformnonce\" value=\"57c98dff11\" \/><input type=\"hidden\" name=\"_wp_http_referer\" value=\"\/index.php?rest_route=%2Fwp%2Fv2%2Fpages%2F1253\" \/><div data-type=\"name-element\" data-name=\"names\" class=\" ff-field_container ff-name-field-wrapper\" ><div class='ff-t-container'><div class='ff-t-cell '><div class='ff-el-group'><div class=\"ff-el-input--label ff-el-is-required asterisk-right\"><label for='ff_3_names_first_name_' id='label_ff_3_names_first_name_' >Name<\/label><\/div><div class='ff-el-input--content'><input type=\"text\" name=\"names[first_name]\" id=\"ff_3_names_first_name_\" class=\"ff-el-form-control\" aria-invalid=\"false\" aria-required=true><\/div><\/div><\/div><div class='ff-t-cell '><div class='ff-el-group'><div class=\"ff-el-input--label asterisk-right\"><label for='ff_3_names_last_name_' id='label_ff_3_names_last_name_' >Vorname<\/label><\/div><div class='ff-el-input--content'><input type=\"text\" name=\"names[last_name]\" id=\"ff_3_names_last_name_\" class=\"ff-el-form-control\" aria-invalid=\"false\" aria-required=false><\/div><\/div><\/div><\/div><\/div><div class='ff-el-group'><div class=\"ff-el-input--label ff-el-is-required asterisk-right\"><label for='ff_3_email' id='label_ff_3_email' aria-label=\"Email Adresse\">Email Adresse<\/label><\/div><div class='ff-el-input--content'><input type=\"email\" name=\"email\" id=\"ff_3_email\" class=\"ff-el-form-control\" data-name=\"email\"  aria-invalid=\"false\" aria-required=true><\/div><\/div><div class='ff-el-group'><div class=\"ff-el-input--label ff-el-is-required asterisk-right\"><label for='ff_3_numeric-field' id='label_ff_3_numeric-field' aria-label=\"Telefon\">Telefon<\/label><\/div><div class='ff-el-input--content'><input type=\"number\" name=\"numeric-field\" id=\"ff_3_numeric-field\" class=\"ff-el-form-control\" data-name=\"numeric-field\" inputmode=\"numeric\" step=\"any\"  aria-invalid=\"false\" aria-required=true><\/div><\/div><div class='ff-el-group'><div class=\"ff-el-input--label asterisk-right\"><label for='ff_3_subject' id='label_ff_3_subject' aria-label=\"Betreff\">Betreff<\/label><\/div><div class='ff-el-input--content'><input type=\"text\" name=\"subject\" class=\"ff-el-form-control\" data-name=\"subject\" id=\"ff_3_subject\"  aria-invalid=\"false\" aria-required=false><\/div><\/div><div class='ff-el-group'><div class=\"ff-el-input--label ff-el-is-required asterisk-right\"><label for='ff_3_dropdown' id='label_ff_3_dropdown' aria-label=\"Standort\">Standort<\/label><\/div><div class='ff-el-input--content'><select name=\"dropdown\" id=\"ff_3_dropdown\" class=\"ff-el-form-control\" data-name=\"dropdown\" data-calc_value=\"0\"  aria-invalid=\"false\" aria-required=\"true\" aria-labelledby=\"label_ff_3_dropdown\"><option value=\"\">Bitte w\u00e4hlen Sie den gew\u00fcnschten Standort<\/option><option value=\"B\u00fcrglen\"  >B\u00fcrglen<\/option><option value=\"H\u00fcttwilen\"  >H\u00fcttwilen<\/option><option value=\"Weinfelden\"  >Weinfelden<\/option><option value=\"Sch\u00f6nenberg\"  >Sch\u00f6nenberg<\/option><\/select><\/div><\/div><div class='ff-el-group'><div class=\"ff-el-input--label ff-el-is-required asterisk-right\"><label for='ff_3_message' id='label_ff_3_message' aria-label=\"Mitteilung\">Mitteilung<\/label><\/div><div class='ff-el-input--content'><textarea aria-required=\"true\" aria-labelledby=\"label_ff_3_message\" name=\"message\" id=\"ff_3_message\" class=\"ff-el-form-control\" rows=\"4\" cols=\"2\" data-name=\"message\" ><\/textarea><\/div><\/div><div class='ff-el-group ff-text-right ff_submit_btn_wrapper'><button type=\"submit\" class=\"ff-btn ff-btn-submit ff-btn-md ff_btn_style wpf_has_custom_css\"  aria-label=\"senden\">senden<\/button><\/div><\/fieldset><\/form><div id='fluentform_3_errors' class='ff-errors-in-stack ff_form_instance_3_1 ff-form-loading_errors ff_form_instance_3_1_errors'><\/div><\/div>            <script type=\"text\/javascript\">\n                window.fluent_form_ff_form_instance_3_1 = {\"id\":\"3\",\"ajaxUrl\":\"https:\\\/\\\/kitabiberbau.ch\\\/wp-admin\\\/admin-ajax.php\",\"settings\":{\"layout\":{\"labelPlacement\":\"top\",\"helpMessagePlacement\":\"with_label\",\"errorMessagePlacement\":\"inline\",\"asteriskPlacement\":\"asterisk-right\"},\"id\":\"39\",\"restrictions\":{\"denyEmptySubmission\":{\"enabled\":false}}},\"form_instance\":\"ff_form_instance_3_1\",\"form_id_selector\":\"fluentform_3\",\"rules\":{\"names[first_name]\":{\"required\":{\"value\":true,\"message\":\"This field is required\",\"global\":false,\"global_message\":\"Dieses Feld ist erforderlich\"}},\"names[middle_name]\":{\"required\":{\"value\":false,\"message\":\"This field is required\",\"global\":false,\"global_message\":\"Dieses Feld ist erforderlich\"}},\"names[last_name]\":{\"required\":{\"value\":false,\"message\":\"This field is required\",\"global\":false,\"global_message\":\"Dieses Feld ist erforderlich\"}},\"email\":{\"required\":{\"value\":true,\"message\":\"This field is required\",\"global\":false,\"global_message\":\"Dieses Feld ist erforderlich\"},\"email\":{\"value\":true,\"message\":\"This field must contain a valid email\",\"global\":false,\"global_message\":\"Dieses Feld muss eine g\\u00fcltige E-Mail-Adresse enthalten\"}},\"numeric-field\":{\"required\":{\"value\":true,\"message\":\"Dieses Feld ist erforderlich\",\"global\":false,\"global_message\":\"Dieses Feld ist erforderlich\"},\"numeric\":{\"value\":true,\"message\":\"Dieses Feld muss numerische Werte enthalten\",\"global\":false,\"global_message\":\"Dieses Feld muss einen numerischen Wert enthalten\"},\"min\":{\"value\":\"\",\"message\":\"Mindestwert ist \",\"global\":false,\"global_message\":\"Validation fails for minimum value\"},\"max\":{\"value\":\"\",\"message\":\"Maximalwert ist \",\"global\":false,\"global_message\":\"Validation fails for maximum value\"}},\"subject\":{\"required\":{\"value\":false,\"message\":\"This field is required\",\"global\":false,\"global_message\":\"Dieses Feld ist erforderlich\"}},\"dropdown\":{\"required\":{\"value\":true,\"message\":\"Dieses Feld ist erforderlich\",\"global\":false,\"global_message\":\"Dieses Feld ist erforderlich\"}},\"message\":{\"required\":{\"value\":true,\"message\":\"This field is required\",\"global\":false,\"global_message\":\"Dieses Feld ist erforderlich\"}}},\"debounce_time\":300};\n                            <\/script>\n            <\/div><\/div><\/div><\/div><\/div><div class=\"x-section x-hide-lg x-hide-md x-hide-xl e1253-e23 myt-0 myt-1\"><div class=\"x-bg\" aria-hidden=\"true\"><div class=\"x-bg-layer-lower-image\" data-x-element-bg-layer=\"{&quot;parallaxSize&quot;:&quot;100%&quot;,&quot;parallaxDir&quot;:&quot;v&quot;,&quot;parallaxRev&quot;:true}\"><\/div><\/div><div class=\"x-row x-container max width e1253-e24 myt-3 myt-4 myt-5 myt-a\"><div class=\"x-row-inner\"><div class=\"x-col e1253-e25 myt-e myt-f\"><div class=\"x-text x-content e1253-e26 myt-i myt-j myt-l myt-m myt-q\"><h2 style=\"text-align: center;\"><span style=\"color: #ffffff;\">Kontakt<\/span><\/h2><\/div><\/div><\/div><\/div><\/div><div class=\"x-section x-hide-lg x-hide-md x-hide-xl e1253-e27 myt-0 myt-2\"><div class=\"x-row x-container max width e1253-e28 myt-3 myt-5 myt-b\"><div class=\"x-row-inner\"><div class=\"x-col e1253-e29 myt-e myt-f\"><div class=\"x-text x-content e1253-e30 myt-i myt-j myt-o myt-r\"><p>Unsere Kita<\/p><\/div><div class=\"x-text x-content e1253-e31 myt-i myt-l myt-p myt-s\"><p>Weitenaustrasse 6a<br \/>\n9215 Sch\u00f6nenberg<\/p>\n<p><a href=\"tel:0041712208190\">+41 71 220 81 90<\/a><br \/>\n<a href=\"mailto:info@kitabiberbau.ch\">info@kitabiberbau.ch<\/a><\/p><\/div><\/div><div class=\"x-col e1253-e32 myt-e myt-g\"><div  class=\"x-map embed\" ><div class=\"x-map-inner\"><iframe src=\"https:\/\/www.google.com\/maps\/embed?pb=!1m18!1m12!1m3!1d2692.9942842984856!2d9.148238215592876!3d47.54843997918094!2m3!1f0!2f0!3f0!3m2!1i1024!2i768!4f13.1!3m3!1m2!1s0x479aefda99842c61%3A0x2ed85dcdf391e112!2sIndustriestrasse%202c%2C%208575%20B%C3%BCrglen!5e0!3m2!1sde!2sch!4v1617046087190!5m2!1sde!2sch\" width=\"600\" height=\"450\" style=\"border:0;\" allowfullscreen=\"\" loading=\"lazy\"><\/iframe><\/div><\/div><\/div><\/div><\/div><div class=\"x-row x-container max width e1253-e34 myt-3 myt-4 myt-5 myt-c\"><div class=\"x-row-inner\"><div class=\"x-col e1253-e35 myt-e myt-f\"><hr class=\"x-line e1253-e36 myt-t myt-u\"\/><\/div><\/div><\/div><div class=\"x-row x-container max width e1253-e37 myt-3 myt-5 myt-d\"><div class=\"x-row-inner\"><div class=\"x-col e1253-e38 myt-e myt-f myt-h\"><div class=\"x-text x-content e1253-e39 myt-i myt-j myt-o myt-r\"><p>Kontaktieren Sie uns,<\/p><\/div><div class=\"x-text x-content e1253-e40 myt-i myt-l myt-p myt-s\"><p>wenn Sie Anmerkungen oder Fragen haben, mehr Informationen w\u00fcnschen oder einen Besichtigungstermin vereinbaren m\u00f6chten.<\/p>\n<p>Zum Anmeldeformular f\u00fcr die Kita klicken Sie hier:<\/p><\/div><hr class=\"x-line e1253-e41 myt-u myt-v\"\/><a class=\"x-anchor x-anchor-button e1253-e42 myt-w\" tabindex=\"0\" href=\"https:\/\/kitabiberbau.ch\/?page_id=1244\" rel=\"nofollow\"><div class=\"x-anchor-content\"><div class=\"x-anchor-text\"><span class=\"x-anchor-text-primary\">Anmelden<\/span><\/div><\/div><\/a><\/div><div class=\"x-col e1253-e43 myt-e myt-g\"><div class=\"x-text x-content e1253-e44 myt-i myt-j myt-l myt-q\"><div class='fluentform ff-default fluentform_wrapper_3 ffs_default_wrap'><form data-form_id=\"3\" id=\"fluentform_3\" class=\"frm-fluent-form fluent_form_3 ff-el-form-top ff_form_instance_3_2 ff-form-loading ffs_default\" data-form_instance=\"ff_form_instance_3_2\" method=\"POST\" ><fieldset  style=\"border: none!important;margin: 0!important;padding: 0!important;background-color: transparent!important;box-shadow: none!important;outline: none!important; min-inline-size: 100%;\">\n                    <legend class=\"ff_screen_reader_title\" style=\"display: block; margin: 0!important;padding: 0!important;height: 0!important;text-indent: -999999px;width: 0!important;overflow:hidden;\">Kontaktformular<\/legend><input type='hidden' name='__fluent_form_embded_post_id' value='1253' \/><input type=\"hidden\" id=\"_fluentform_3_fluentformnonce\" name=\"_fluentform_3_fluentformnonce\" value=\"57c98dff11\" \/><input type=\"hidden\" name=\"_wp_http_referer\" value=\"\/index.php?rest_route=%2Fwp%2Fv2%2Fpages%2F1253\" \/><div data-type=\"name-element\" data-name=\"names\" class=\" ff-field_container ff-name-field-wrapper\" ><div class='ff-t-container'><div class='ff-t-cell '><div class='ff-el-group'><div class=\"ff-el-input--label ff-el-is-required asterisk-right\"><label for='ff_3_2_names_first_name_' id='label_ff_3_2_names_first_name_' >Name<\/label><\/div><div class='ff-el-input--content'><input type=\"text\" name=\"names[first_name]\" id=\"ff_3_2_names_first_name_\" class=\"ff-el-form-control\" aria-invalid=\"false\" aria-required=true><\/div><\/div><\/div><div class='ff-t-cell '><div class='ff-el-group'><div class=\"ff-el-input--label asterisk-right\"><label for='ff_3_2_names_last_name_' id='label_ff_3_2_names_last_name_' >Vorname<\/label><\/div><div class='ff-el-input--content'><input type=\"text\" name=\"names[last_name]\" id=\"ff_3_2_names_last_name_\" class=\"ff-el-form-control\" aria-invalid=\"false\" aria-required=false><\/div><\/div><\/div><\/div><\/div><div class='ff-el-group'><div class=\"ff-el-input--label ff-el-is-required asterisk-right\"><label for='ff_3_2_email' id='label_ff_3_2_email' aria-label=\"Email Adresse\">Email Adresse<\/label><\/div><div class='ff-el-input--content'><input type=\"email\" name=\"email\" id=\"ff_3_2_email\" class=\"ff-el-form-control\" data-name=\"email\"  aria-invalid=\"false\" aria-required=true><\/div><\/div><div class='ff-el-group'><div class=\"ff-el-input--label ff-el-is-required asterisk-right\"><label for='ff_3_2_numeric-field' id='label_ff_3_2_numeric-field' aria-label=\"Telefon\">Telefon<\/label><\/div><div class='ff-el-input--content'><input type=\"number\" name=\"numeric-field\" id=\"ff_3_2_numeric-field\" class=\"ff-el-form-control\" data-name=\"numeric-field\" inputmode=\"numeric\" step=\"any\"  aria-invalid=\"false\" aria-required=true><\/div><\/div><div class='ff-el-group'><div class=\"ff-el-input--label asterisk-right\"><label for='ff_3_2_subject' id='label_ff_3_2_subject' aria-label=\"Betreff\">Betreff<\/label><\/div><div class='ff-el-input--content'><input type=\"text\" name=\"subject\" class=\"ff-el-form-control\" data-name=\"subject\" id=\"ff_3_2_subject\"  aria-invalid=\"false\" aria-required=false><\/div><\/div><div class='ff-el-group'><div class=\"ff-el-input--label ff-el-is-required asterisk-right\"><label for='ff_3_2_dropdown' id='label_ff_3_2_dropdown' aria-label=\"Standort\">Standort<\/label><\/div><div class='ff-el-input--content'><select name=\"dropdown\" id=\"ff_3_2_dropdown\" class=\"ff-el-form-control\" data-name=\"dropdown\" data-calc_value=\"0\"  aria-invalid=\"false\" aria-required=\"true\" aria-labelledby=\"label_ff_3_2_dropdown\"><option value=\"\">Bitte w\u00e4hlen Sie den gew\u00fcnschten Standort<\/option><option value=\"B\u00fcrglen\"  >B\u00fcrglen<\/option><option value=\"H\u00fcttwilen\"  >H\u00fcttwilen<\/option><option value=\"Weinfelden\"  >Weinfelden<\/option><option value=\"Sch\u00f6nenberg\"  >Sch\u00f6nenberg<\/option><\/select><\/div><\/div><div class='ff-el-group'><div class=\"ff-el-input--label ff-el-is-required asterisk-right\"><label for='ff_3_2_message' id='label_ff_3_2_message' aria-label=\"Mitteilung\">Mitteilung<\/label><\/div><div class='ff-el-input--content'><textarea aria-required=\"true\" aria-labelledby=\"label_ff_3_2_message\" name=\"message\" id=\"ff_3_2_message\" class=\"ff-el-form-control\" rows=\"4\" cols=\"2\" data-name=\"message\" ><\/textarea><\/div><\/div><div class='ff-el-group ff-text-right ff_submit_btn_wrapper'><button type=\"submit\" class=\"ff-btn ff-btn-submit ff-btn-md ff_btn_style wpf_has_custom_css\"  aria-label=\"senden\">senden<\/button><\/div><\/fieldset><\/form><div id='fluentform_3_errors' class='ff-errors-in-stack ff_form_instance_3_2 ff-form-loading_errors ff_form_instance_3_2_errors'><\/div><\/div>            <script type=\"text\/javascript\">\n                window.fluent_form_ff_form_instance_3_2 = {\"id\":\"3\",\"ajaxUrl\":\"https:\\\/\\\/kitabiberbau.ch\\\/wp-admin\\\/admin-ajax.php\",\"settings\":{\"layout\":{\"labelPlacement\":\"top\",\"helpMessagePlacement\":\"with_label\",\"errorMessagePlacement\":\"inline\",\"asteriskPlacement\":\"asterisk-right\"},\"id\":\"39\",\"restrictions\":{\"denyEmptySubmission\":{\"enabled\":false}}},\"form_instance\":\"ff_form_instance_3_2\",\"form_id_selector\":\"fluentform_3\",\"rules\":{\"names[first_name]\":{\"required\":{\"value\":true,\"message\":\"This field is required\",\"global\":false,\"global_message\":\"Dieses Feld ist erforderlich\"}},\"names[middle_name]\":{\"required\":{\"value\":false,\"message\":\"This field is required\",\"global\":false,\"global_message\":\"Dieses Feld ist erforderlich\"}},\"names[last_name]\":{\"required\":{\"value\":false,\"message\":\"This field is required\",\"global\":false,\"global_message\":\"Dieses Feld ist erforderlich\"}},\"email\":{\"required\":{\"value\":true,\"message\":\"This field is required\",\"global\":false,\"global_message\":\"Dieses Feld ist erforderlich\"},\"email\":{\"value\":true,\"message\":\"This field must contain a valid email\",\"global\":false,\"global_message\":\"Dieses Feld muss eine g\\u00fcltige E-Mail-Adresse enthalten\"}},\"numeric-field\":{\"required\":{\"value\":true,\"message\":\"Dieses Feld ist erforderlich\",\"global\":false,\"global_message\":\"Dieses Feld ist erforderlich\"},\"numeric\":{\"value\":true,\"message\":\"Dieses Feld muss numerische Werte enthalten\",\"global\":false,\"global_message\":\"Dieses Feld muss einen numerischen Wert enthalten\"},\"min\":{\"value\":\"\",\"message\":\"Mindestwert ist \",\"global\":false,\"global_message\":\"Validation fails for minimum value\"},\"max\":{\"value\":\"\",\"message\":\"Maximalwert ist \",\"global\":false,\"global_message\":\"Validation fails for maximum value\"}},\"subject\":{\"required\":{\"value\":false,\"message\":\"This field is required\",\"global\":false,\"global_message\":\"Dieses Feld ist erforderlich\"}},\"dropdown\":{\"required\":{\"value\":true,\"message\":\"Dieses Feld ist erforderlich\",\"global\":false,\"global_message\":\"Dieses Feld ist erforderlich\"}},\"message\":{\"required\":{\"value\":true,\"message\":\"This field is required\",\"global\":false,\"global_message\":\"Dieses Feld ist erforderlich\"}}},\"debounce_time\":300};\n                            <\/script>\n            <\/div><\/div><\/div><\/div><\/div><\/div>\n","protected":false},"excerpt":{"rendered":"<p>KontaktUnsere KitaWeitenaustrasse 6a 9215 Sch\u00f6nenberg +41 71 220 81 90 schoenenberg@kitabiberbau.ch Kontaktieren Sie uns,wenn Sie Anmerkungen oder Fragen haben, mehr Informationen w&uuml;nschen oder einen Besichtigungstermin vereinbaren m&ouml;chten. Zum Anmeldeformular f&uuml;r die Kita klicken Sie hier:Anmelden KontaktformularNameVornameEmail AdresseTelefonBetreffStandortBitte w\u00e4hlen Sie den gew\u00fcnschten StandortB\u00fcrglenH\u00fcttwilenWeinfeldenSch\u00f6nenbergMitteilungsenden KontaktUnsere KitaWeitenaustrasse 6a 9215 Sch\u00f6nenberg +41 71 220 81 90 info@kitabiberbau.chKontaktieren Sie uns,wenn Sie Anmerkungen oder Fragen haben, &#8230; <\/p>\n<div><a href=\"https:\/\/kitabiberbau.ch\/?page_id=1253\" class=\"more-link\">Read More<\/a><\/div>\n","protected":false},"author":1,"featured_media":0,"parent":0,"menu_order":0,"comment_status":"closed","ping_status":"closed","template":"template-blank-4.php","meta":{"footnotes":""},"class_list":["post-1253","page","type-page","status-publish","hentry","no-post-thumbnail"],"_links":{"self":[{"href":"https:\/\/kitabiberbau.ch\/index.php?rest_route=\/wp\/v2\/pages\/1253","targetHints":{"allow":["GET"]}}],"collection":[{"href":"https:\/\/kitabiberbau.ch\/index.php?rest_route=\/wp\/v2\/pages"}],"about":[{"href":"https:\/\/kitabiberbau.ch\/index.php?rest_route=\/wp\/v2\/types\/page"}],"author":[{"embeddable":true,"href":"https:\/\/kitabiberbau.ch\/index.php?rest_route=\/wp\/v2\/users\/1"}],"replies":[{"embeddable":true,"href":"https:\/\/kitabiberbau.ch\/index.php?rest_route=%2Fwp%2Fv2%2Fcomments&post=1253"}],"version-history":[{"count":6,"href":"https:\/\/kitabiberbau.ch\/index.php?rest_route=\/wp\/v2\/pages\/1253\/revisions"}],"predecessor-version":[{"id":1675,"href":"https:\/\/kitabiberbau.ch\/index.php?rest_route=\/wp\/v2\/pages\/1253\/revisions\/1675"}],"wp:attachment":[{"href":"https:\/\/kitabiberbau.ch\/index.php?rest_route=%2Fwp%2Fv2%2Fmedia&parent=1253"}],"curies":[{"name":"wp","href":"https:\/\/api.w.org\/{rel}","templated":true}]}}