{"id":1244,"date":"2024-12-08T12:57:02","date_gmt":"2024-12-08T12:57:02","guid":{"rendered":"https:\/\/kitabiberbau.ch\/?page_id=1244"},"modified":"2024-12-08T14:04:34","modified_gmt":"2024-12-08T14:04:34","slug":"anmelden-2","status":"publish","type":"page","link":"https:\/\/kitabiberbau.ch\/?page_id=1244","title":{"rendered":"Anmelden Sch\u00f6nenberg"},"content":{"rendered":"<div id=\"cs-content\" class=\"cs-content\"><div class=\"x-section x-hide-sm x-hide-xs e1244-e1 myk-0 myk-1 myk-2\"><div class=\"x-bg\" aria-hidden=\"true\"><div class=\"x-bg-layer-lower-image\"><\/div><\/div><div class=\"x-row x-container max width e1244-e2 myk-6 myk-7 myk-8\"><div class=\"x-row-inner\"><div class=\"x-col e1244-e3 myk-e myk-f\"><div class=\"x-bg\" aria-hidden=\"true\"><div class=\"x-bg-layer-lower-image\"><\/div><\/div><div class=\"x-text x-content e1244-e4 myk-g myk-h myk-i myk-j\"><h1 style=\"text-align: center;\"><span style=\"color: #ffffff;\">Anmelden<\/span><\/h1><\/div><\/div><\/div><\/div><\/div><div class=\"x-section x-hide-sm x-hide-xs e1244-e5 myk-0 myk-3 myk-4\"><div class=\"x-row x-container max width e1244-e6 myk-6 myk-7 myk-9\"><div class=\"x-row-inner\"><div class=\"x-col e1244-e7 myk-e\"><div class=\"x-text x-content e1244-e8 myk-g myk-h myk-k myk-l\"><p style=\"text-align: center;\">Anmeldung Kita- Hort- und\/oder Mittagstischplatz<\/p><\/div><div class=\"x-text x-content e1244-e9 myk-g myk-j myk-m myk-n\"><p style=\"text-align: justify;\">Die Anmeldung (provisorisch) erfolgt mittels unseres Online-Anmeldeformulars. Nach Erhalt Ihrer Anmeldung nimmt die Kita-Leitung schnellst m&ouml;glich Kontakt mit Ihnen auf um die weiteren Details zu besprechen. Alternativ k&ouml;nnen Sie sich gerne telefonisch mit uns in Verbindung setzen und einen Termin zur Besichtigung unserer Kita vereinbaren.<\/p><\/div><\/div><\/div><\/div><\/div><div class=\"x-section x-hide-sm x-hide-xs e1244-e10 myk-0 myk-2 myk-4 myk-5\"><div class=\"x-row x-container max width e1244-e11 myk-6 myk-7 myk-a\"><div class=\"x-row-inner\"><div class=\"x-col e1244-e12 myk-e\"><div class=\"x-text x-content e1244-e13 myk-g myk-h myk-l myk-o myk-p\"><p>Anmeldeformular<\/p><\/div><hr class=\"x-line e1244-e14 myk-s\"\/><div class=\"x-text x-content e1244-e15 myk-g myk-h myk-j myk-n\"><div class='fluentform ff-default fluentform_wrapper_2 ffs_default_wrap'><form data-form_id=\"2\" id=\"fluentform_2\" class=\"frm-fluent-form fluent_form_2 ff-el-form-top ff_form_instance_2_1 ff-form-loading ffs_default\" data-form_instance=\"ff_form_instance_2_1\" method=\"POST\" ><fieldset  style=\"border: none!important;margin: 0!important;padding: 0!important;background-color: transparent!important;box-shadow: none!important;outline: none!important; min-inline-size: 100%;\">\n                    <legend class=\"ff_screen_reader_title\" style=\"display: block; margin: 0!important;padding: 0!important;height: 0!important;text-indent: -999999px;width: 0!important;overflow:hidden;\">Anmeldeformular<\/legend><input type='hidden' name='__fluent_form_embded_post_id' value='1244' \/><input type=\"hidden\" id=\"_fluentform_2_fluentformnonce\" name=\"_fluentform_2_fluentformnonce\" value=\"57c98dff11\" \/><input type=\"hidden\" name=\"_wp_http_referer\" value=\"\/index.php?rest_route=%2Fwp%2Fv2%2Fpages%2F1244\" \/><div data-type=\"name-element\" data-name=\"names_1\" class=\" ff-field_container ff-name-field-wrapper\" ><div class='ff-t-container'><div class='ff-t-cell '><div class='ff-el-group'><div class=\"ff-el-input--label ff-el-is-required asterisk-right\"><label for='ff_2_names_1_first_name_' id='label_ff_2_names_1_first_name_' >Name<\/label><\/div><div class='ff-el-input--content'><input type=\"text\" name=\"names_1[first_name]\" id=\"ff_2_names_1_first_name_\" class=\"ff-el-form-control\" aria-invalid=\"false\" aria-required=true><\/div><\/div><\/div><div class='ff-t-cell '><div class='ff-el-group'><div class=\"ff-el-input--label ff-el-is-required asterisk-right\"><label for='ff_2_names_1_last_name_' id='label_ff_2_names_1_last_name_' >Vorname<\/label><\/div><div class='ff-el-input--content'><input type=\"text\" name=\"names_1[last_name]\" id=\"ff_2_names_1_last_name_\" class=\"ff-el-form-control\" aria-invalid=\"false\" aria-required=true><\/div><\/div><\/div><\/div><\/div><div class='ff-el-group'><div class=\"ff-el-input--label ff-el-is-required asterisk-right\"><label for='ff_2_email' id='label_ff_2_email' aria-label=\"Email\">Email<\/label><\/div><div class='ff-el-input--content'><input type=\"email\" name=\"email\" id=\"ff_2_email\" class=\"ff-el-form-control\" data-name=\"email\"  aria-invalid=\"false\" aria-required=true><\/div><\/div><div class='ff-el-group'><div class=\"ff-el-input--label ff-el-is-required asterisk-right\"><label for='ff_2_numeric-field_1' id='label_ff_2_numeric-field_1' aria-label=\"Telefon (tags\u00fcber)\">Telefon (tags\u00fcber)<\/label><\/div><div class='ff-el-input--content'><input type=\"number\" name=\"numeric-field_1\" id=\"ff_2_numeric-field_1\" class=\"ff-el-form-control\" data-name=\"numeric-field_1\" inputmode=\"numeric\" step=\"any\"  aria-invalid=\"false\" aria-required=true><\/div><\/div><div class='ff-el-group'><div class=\"ff-el-input--label ff-el-is-required asterisk-right\"><label for='ff_2_dropdown' id='label_ff_2_dropdown' aria-label=\"Standort\">Standort<\/label><\/div><div class='ff-el-input--content'><select name=\"dropdown\" id=\"ff_2_dropdown\" class=\"ff-el-form-control\" data-name=\"dropdown\" data-calc_value=\"0\"  aria-invalid=\"false\" aria-required=\"true\" aria-labelledby=\"label_ff_2_dropdown\"><option value=\"\">Bitte w\u00e4hlen Sie den gew\u00fcnschten Standort<\/option><option value=\"B\u00fcrglen\"  >B\u00fcrglen<\/option><option value=\"H\u00fcttwilen\"  >H\u00fcttwilen<\/option><option value=\"Weinfelden\"  >Weinfelden<\/option><option value=\"Sch\u00f6nenberg\"  >Sch\u00f6nenberg<\/option><\/select><\/div><\/div><div data-type=\"name-element\" data-name=\"names_2\" class=\" ff-field_container ff-name-field-wrapper\" ><div class='ff-t-container'><div class='ff-t-cell '><div class='ff-el-group  ff-el-form-top'><div class=\"ff-el-input--label ff-el-is-required asterisk-right\"><label for='ff_2_names_2_first_name_' id='label_ff_2_names_2_first_name_' >Vorname des Kindes<\/label><\/div><div class='ff-el-input--content'><input type=\"text\" name=\"names_2[first_name]\" id=\"ff_2_names_2_first_name_\" class=\"ff-el-form-control\" aria-invalid=\"false\" aria-required=true><\/div><\/div><\/div><div class='ff-t-cell '><div class='ff-el-group  ff-el-form-top'><div class=\"ff-el-input--label ff-el-is-required asterisk-right\"><label for='ff_2_names_2_last_name_' id='label_ff_2_names_2_last_name_' >Nachname<\/label><\/div><div class='ff-el-input--content'><input type=\"text\" name=\"names_2[last_name]\" id=\"ff_2_names_2_last_name_\" class=\"ff-el-form-control\" aria-invalid=\"false\" aria-required=true><\/div><\/div><\/div><\/div><\/div><div class='ff-el-group'><div class=\"ff-el-input--label asterisk-right\"><label for='ff_2_description' id='label_ff_2_description' aria-label=\"Bemerkungen\">Bemerkungen<\/label><\/div><div class='ff-el-input--content'><textarea aria-required=\"false\" aria-labelledby=\"label_ff_2_description\" name=\"description\" id=\"ff_2_description\" class=\"ff-el-form-control\" rows=\"4\" cols=\"2\" data-name=\"description\" ><\/textarea><\/div><\/div><div class='ff-el-group ff-text-right ff_submit_btn_wrapper'><button type=\"submit\" class=\"ff-btn ff-btn-submit ff-btn-md ff_btn_style wpf_has_custom_css\"  aria-label=\"senden\">senden<\/button><\/div><\/fieldset><\/form><div id='fluentform_2_errors' class='ff-errors-in-stack ff_form_instance_2_1 ff-form-loading_errors ff_form_instance_2_1_errors'><\/div><\/div>            <script type=\"text\/javascript\">\n                window.fluent_form_ff_form_instance_2_1 = {\"id\":\"2\",\"ajaxUrl\":\"https:\\\/\\\/kitabiberbau.ch\\\/wp-admin\\\/admin-ajax.php\",\"settings\":{\"layout\":{\"labelPlacement\":\"top\",\"helpMessagePlacement\":\"with_label\",\"errorMessagePlacement\":\"inline\",\"cssClassName\":\"\"},\"restrictions\":{\"denyEmptySubmission\":{\"enabled\":false}}},\"form_instance\":\"ff_form_instance_2_1\",\"form_id_selector\":\"fluentform_2\",\"rules\":{\"names_1[first_name]\":{\"required\":{\"value\":true,\"message\":\"This field is required\",\"global\":false,\"global_message\":\"Dieses Feld ist erforderlich\"}},\"names_1[middle_name]\":{\"required\":{\"value\":false,\"message\":\"This field is required\",\"global\":false,\"global_message\":\"Dieses Feld ist erforderlich\"}},\"names_1[last_name]\":{\"required\":{\"value\":true,\"message\":\"This field is required\",\"global\":false,\"global_message\":\"Dieses Feld ist erforderlich\"}},\"email\":{\"required\":{\"value\":true,\"message\":\"This field is required\",\"global\":false,\"global_message\":\"Dieses Feld ist erforderlich\"},\"email\":{\"value\":true,\"message\":\"This field must contain a valid email\",\"global\":false,\"global_message\":\"Dieses Feld muss eine g\\u00fcltige E-Mail-Adresse enthalten\"}},\"numeric-field_1\":{\"required\":{\"value\":true,\"message\":\"Dieses Feld ist erforderlich\",\"global\":false,\"global_message\":\"Dieses Feld ist erforderlich\"},\"numeric\":{\"value\":true,\"message\":\"Dieses Feld muss numerische Werte enthalten\",\"global\":false,\"global_message\":\"Dieses Feld muss einen numerischen Wert enthalten\"},\"min\":{\"value\":\"\",\"message\":\"Mindestwert ist \",\"global\":false,\"global_message\":\"Validation fails for minimum value\"},\"max\":{\"value\":\"\",\"message\":\"Maximalwert ist \",\"global\":false,\"global_message\":\"Validation fails for maximum value\"}},\"dropdown\":{\"required\":{\"value\":true,\"message\":\"Dieses Feld ist erforderlich\",\"global\":false,\"global_message\":\"Dieses Feld ist erforderlich\"}},\"names_2[first_name]\":{\"required\":{\"value\":true,\"message\":\"Dieses Feld ist erforderlich\",\"global\":false,\"global_message\":\"Dieses Feld ist erforderlich\"}},\"names_2[middle_name]\":{\"required\":{\"value\":true,\"message\":\"Dieses Feld ist erforderlich\",\"global\":false,\"global_message\":\"Dieses Feld ist erforderlich\"}},\"names_2[last_name]\":{\"required\":{\"value\":true,\"message\":\"Dieses Feld ist erforderlich\",\"global\":false,\"global_message\":\"Dieses Feld ist erforderlich\"}},\"description\":{\"required\":{\"value\":false,\"message\":\"This field is required\",\"global\":false,\"global_message\":\"Dieses Feld ist erforderlich\"}}},\"debounce_time\":300};\n                            <\/script>\n            <\/div><hr class=\"x-line e1244-e16 myk-s\"\/><\/div><\/div><\/div><\/div><div class=\"x-section x-hide-lg x-hide-md x-hide-xl e1244-e17 myk-0 myk-1 myk-2\"><div class=\"x-bg\" aria-hidden=\"true\"><div class=\"x-bg-layer-lower-image\"><\/div><\/div><div class=\"x-row x-container max width e1244-e18 myk-6 myk-7 myk-b\"><div class=\"x-row-inner\"><div class=\"x-col e1244-e19 myk-e myk-f\"><div class=\"x-bg\" aria-hidden=\"true\"><div class=\"x-bg-layer-lower-image\"><\/div><\/div><div class=\"x-text x-content e1244-e20 myk-g myk-h myk-j myk-n\"><h2 style=\"text-align: center;\"><span style=\"color: #ffffff;\">Anmelden<\/span><\/h2><\/div><\/div><\/div><\/div><\/div><div class=\"x-section x-hide-lg x-hide-md x-hide-xl e1244-e21 myk-0 myk-3 myk-4\"><div class=\"x-row x-container max width e1244-e22 myk-6 myk-7 myk-c\"><div class=\"x-row-inner\"><div class=\"x-col e1244-e23 myk-e\"><div class=\"x-text x-content e1244-e24 myk-g myk-h myk-l myk-o\"><p style=\"text-align: center;\">Anmeldung Kitaplatz<\/p><\/div><div class=\"x-text x-content e1244-e25 myk-g myk-j myk-m myk-q\"><p style=\"text-align: justify;\">Die Anmeldung (provisorisch) erfolgt mittels unseres Online-Anmeldeformulars. Nach Erhalt Ihrer Anmeldung nimmt die Kita-Leitung schnellst m&ouml;glich Kontakt mit Ihnen auf um die weiteren Details zu besprechen. Alternativ k&ouml;nnen Sie sich gerne telefonisch mit uns in Verbindung setzen und einen Termin zur Besichtigung unserer Kita vereinbaren.<\/p><\/div><\/div><\/div><\/div><\/div><div class=\"x-section x-hide-lg x-hide-md x-hide-xl e1244-e26 myk-0 myk-2 myk-4 myk-5\"><div class=\"x-row x-container max width e1244-e27 myk-6 myk-7 myk-d\"><div class=\"x-row-inner\"><div class=\"x-col e1244-e28 myk-e\"><div class=\"x-text x-content e1244-e29 myk-g myk-h myk-l myk-p myk-r\"><p>Anmeldeformular<\/p><\/div><hr class=\"x-line e1244-e30 myk-s\"\/><div class=\"x-text x-content e1244-e31 myk-g myk-h myk-j myk-n\"><div class='fluentform ff-default fluentform_wrapper_2 ffs_default_wrap'><form data-form_id=\"2\" id=\"fluentform_2\" class=\"frm-fluent-form fluent_form_2 ff-el-form-top ff_form_instance_2_2 ff-form-loading ffs_default\" data-form_instance=\"ff_form_instance_2_2\" method=\"POST\" ><fieldset  style=\"border: none!important;margin: 0!important;padding: 0!important;background-color: transparent!important;box-shadow: none!important;outline: none!important; min-inline-size: 100%;\">\n                    <legend class=\"ff_screen_reader_title\" style=\"display: block; margin: 0!important;padding: 0!important;height: 0!important;text-indent: -999999px;width: 0!important;overflow:hidden;\">Anmeldeformular<\/legend><input type='hidden' name='__fluent_form_embded_post_id' value='1244' \/><input type=\"hidden\" id=\"_fluentform_2_fluentformnonce\" name=\"_fluentform_2_fluentformnonce\" value=\"57c98dff11\" \/><input type=\"hidden\" name=\"_wp_http_referer\" value=\"\/index.php?rest_route=%2Fwp%2Fv2%2Fpages%2F1244\" \/><div data-type=\"name-element\" data-name=\"names_1\" class=\" ff-field_container ff-name-field-wrapper\" ><div class='ff-t-container'><div class='ff-t-cell '><div class='ff-el-group'><div class=\"ff-el-input--label ff-el-is-required asterisk-right\"><label for='ff_2_2_names_1_first_name_' id='label_ff_2_2_names_1_first_name_' >Name<\/label><\/div><div class='ff-el-input--content'><input type=\"text\" name=\"names_1[first_name]\" id=\"ff_2_2_names_1_first_name_\" class=\"ff-el-form-control\" aria-invalid=\"false\" aria-required=true><\/div><\/div><\/div><div class='ff-t-cell '><div class='ff-el-group'><div class=\"ff-el-input--label ff-el-is-required asterisk-right\"><label for='ff_2_2_names_1_last_name_' id='label_ff_2_2_names_1_last_name_' >Vorname<\/label><\/div><div class='ff-el-input--content'><input type=\"text\" name=\"names_1[last_name]\" id=\"ff_2_2_names_1_last_name_\" class=\"ff-el-form-control\" aria-invalid=\"false\" aria-required=true><\/div><\/div><\/div><\/div><\/div><div class='ff-el-group'><div class=\"ff-el-input--label ff-el-is-required asterisk-right\"><label for='ff_2_2_email' id='label_ff_2_2_email' aria-label=\"Email\">Email<\/label><\/div><div class='ff-el-input--content'><input type=\"email\" name=\"email\" id=\"ff_2_2_email\" class=\"ff-el-form-control\" data-name=\"email\"  aria-invalid=\"false\" aria-required=true><\/div><\/div><div class='ff-el-group'><div class=\"ff-el-input--label ff-el-is-required asterisk-right\"><label for='ff_2_2_numeric-field_1' id='label_ff_2_2_numeric-field_1' aria-label=\"Telefon (tags\u00fcber)\">Telefon (tags\u00fcber)<\/label><\/div><div class='ff-el-input--content'><input type=\"number\" name=\"numeric-field_1\" id=\"ff_2_2_numeric-field_1\" class=\"ff-el-form-control\" data-name=\"numeric-field_1\" inputmode=\"numeric\" step=\"any\"  aria-invalid=\"false\" aria-required=true><\/div><\/div><div class='ff-el-group'><div class=\"ff-el-input--label ff-el-is-required asterisk-right\"><label for='ff_2_2_dropdown' id='label_ff_2_2_dropdown' aria-label=\"Standort\">Standort<\/label><\/div><div class='ff-el-input--content'><select name=\"dropdown\" id=\"ff_2_2_dropdown\" class=\"ff-el-form-control\" data-name=\"dropdown\" data-calc_value=\"0\"  aria-invalid=\"false\" aria-required=\"true\" aria-labelledby=\"label_ff_2_2_dropdown\"><option value=\"\">Bitte w\u00e4hlen Sie den gew\u00fcnschten Standort<\/option><option value=\"B\u00fcrglen\"  >B\u00fcrglen<\/option><option value=\"H\u00fcttwilen\"  >H\u00fcttwilen<\/option><option value=\"Weinfelden\"  >Weinfelden<\/option><option value=\"Sch\u00f6nenberg\"  >Sch\u00f6nenberg<\/option><\/select><\/div><\/div><div data-type=\"name-element\" data-name=\"names_2\" class=\" ff-field_container ff-name-field-wrapper\" ><div class='ff-t-container'><div class='ff-t-cell '><div class='ff-el-group  ff-el-form-top'><div class=\"ff-el-input--label ff-el-is-required asterisk-right\"><label for='ff_2_2_names_2_first_name_' id='label_ff_2_2_names_2_first_name_' >Vorname des Kindes<\/label><\/div><div class='ff-el-input--content'><input type=\"text\" name=\"names_2[first_name]\" id=\"ff_2_2_names_2_first_name_\" class=\"ff-el-form-control\" aria-invalid=\"false\" aria-required=true><\/div><\/div><\/div><div class='ff-t-cell '><div class='ff-el-group  ff-el-form-top'><div class=\"ff-el-input--label ff-el-is-required asterisk-right\"><label for='ff_2_2_names_2_last_name_' id='label_ff_2_2_names_2_last_name_' >Nachname<\/label><\/div><div class='ff-el-input--content'><input type=\"text\" name=\"names_2[last_name]\" id=\"ff_2_2_names_2_last_name_\" class=\"ff-el-form-control\" aria-invalid=\"false\" aria-required=true><\/div><\/div><\/div><\/div><\/div><div class='ff-el-group'><div class=\"ff-el-input--label asterisk-right\"><label for='ff_2_2_description' id='label_ff_2_2_description' aria-label=\"Bemerkungen\">Bemerkungen<\/label><\/div><div class='ff-el-input--content'><textarea aria-required=\"false\" aria-labelledby=\"label_ff_2_2_description\" name=\"description\" id=\"ff_2_2_description\" class=\"ff-el-form-control\" rows=\"4\" cols=\"2\" data-name=\"description\" ><\/textarea><\/div><\/div><div class='ff-el-group ff-text-right ff_submit_btn_wrapper'><button type=\"submit\" class=\"ff-btn ff-btn-submit ff-btn-md ff_btn_style wpf_has_custom_css\"  aria-label=\"senden\">senden<\/button><\/div><\/fieldset><\/form><div id='fluentform_2_errors' class='ff-errors-in-stack ff_form_instance_2_2 ff-form-loading_errors ff_form_instance_2_2_errors'><\/div><\/div>            <script type=\"text\/javascript\">\n                window.fluent_form_ff_form_instance_2_2 = {\"id\":\"2\",\"ajaxUrl\":\"https:\\\/\\\/kitabiberbau.ch\\\/wp-admin\\\/admin-ajax.php\",\"settings\":{\"layout\":{\"labelPlacement\":\"top\",\"helpMessagePlacement\":\"with_label\",\"errorMessagePlacement\":\"inline\",\"cssClassName\":\"\"},\"restrictions\":{\"denyEmptySubmission\":{\"enabled\":false}}},\"form_instance\":\"ff_form_instance_2_2\",\"form_id_selector\":\"fluentform_2\",\"rules\":{\"names_1[first_name]\":{\"required\":{\"value\":true,\"message\":\"This field is required\",\"global\":false,\"global_message\":\"Dieses Feld ist erforderlich\"}},\"names_1[middle_name]\":{\"required\":{\"value\":false,\"message\":\"This field is required\",\"global\":false,\"global_message\":\"Dieses Feld ist erforderlich\"}},\"names_1[last_name]\":{\"required\":{\"value\":true,\"message\":\"This field is required\",\"global\":false,\"global_message\":\"Dieses Feld ist erforderlich\"}},\"email\":{\"required\":{\"value\":true,\"message\":\"This field is required\",\"global\":false,\"global_message\":\"Dieses Feld ist erforderlich\"},\"email\":{\"value\":true,\"message\":\"This field must contain a valid email\",\"global\":false,\"global_message\":\"Dieses Feld muss eine g\\u00fcltige E-Mail-Adresse enthalten\"}},\"numeric-field_1\":{\"required\":{\"value\":true,\"message\":\"Dieses Feld ist erforderlich\",\"global\":false,\"global_message\":\"Dieses Feld ist erforderlich\"},\"numeric\":{\"value\":true,\"message\":\"Dieses Feld muss numerische Werte enthalten\",\"global\":false,\"global_message\":\"Dieses Feld muss einen numerischen Wert enthalten\"},\"min\":{\"value\":\"\",\"message\":\"Mindestwert ist \",\"global\":false,\"global_message\":\"Validation fails for minimum value\"},\"max\":{\"value\":\"\",\"message\":\"Maximalwert ist \",\"global\":false,\"global_message\":\"Validation fails for maximum value\"}},\"dropdown\":{\"required\":{\"value\":true,\"message\":\"Dieses Feld ist erforderlich\",\"global\":false,\"global_message\":\"Dieses Feld ist erforderlich\"}},\"names_2[first_name]\":{\"required\":{\"value\":true,\"message\":\"Dieses Feld ist erforderlich\",\"global\":false,\"global_message\":\"Dieses Feld ist erforderlich\"}},\"names_2[middle_name]\":{\"required\":{\"value\":true,\"message\":\"Dieses Feld ist erforderlich\",\"global\":false,\"global_message\":\"Dieses Feld ist erforderlich\"}},\"names_2[last_name]\":{\"required\":{\"value\":true,\"message\":\"Dieses Feld ist erforderlich\",\"global\":false,\"global_message\":\"Dieses Feld ist erforderlich\"}},\"description\":{\"required\":{\"value\":false,\"message\":\"This field is required\",\"global\":false,\"global_message\":\"Dieses Feld ist erforderlich\"}}},\"debounce_time\":300};\n                            <\/script>\n            <\/div><hr class=\"x-line e1244-e32 myk-s\"\/><\/div><\/div><\/div><\/div><span data-x-element-responsive-text=\"{&quot;selector&quot;:&quot;.h-responsive&quot;,&quot;compression&quot;:&quot;1.0&quot;,&quot;minFontSize&quot;:&quot;24&quot;,&quot;maxFontSize&quot;:&quot;96&quot;}\" class=\"e1244-e33\"><\/span><\/div>\n","protected":false},"excerpt":{"rendered":"<p>AnmeldenAnmeldung Kita- Hort- und\/oder MittagstischplatzDie Anmeldung (provisorisch) erfolgt mittels unseres Online-Anmeldeformulars. Nach Erhalt Ihrer Anmeldung nimmt die Kita-Leitung schnellst m&ouml;glich Kontakt mit Ihnen auf um die weiteren Details zu besprechen. Alternativ k&ouml;nnen Sie sich gerne telefonisch mit uns in Verbindung setzen und einen Termin zur Besichtigung unserer Kita vereinbaren.Anmeldeformular AnmeldeformularNameVornameEmailTelefon (tags\u00fcber)StandortBitte w\u00e4hlen Sie den gew\u00fcnschten StandortB\u00fcrglenH\u00fcttwilenWeinfeldenSch\u00f6nenbergVorname des KindesNachnameBemerkungensenden AnmeldenAnmeldung KitaplatzDie &#8230; <\/p>\n<div><a href=\"https:\/\/kitabiberbau.ch\/?page_id=1244\" class=\"more-link\">Read More<\/a><\/div>\n","protected":false},"author":1,"featured_media":0,"parent":0,"menu_order":0,"comment_status":"closed","ping_status":"closed","template":"template-blank-4.php","meta":{"footnotes":""},"class_list":["post-1244","page","type-page","status-publish","hentry","no-post-thumbnail"],"_links":{"self":[{"href":"https:\/\/kitabiberbau.ch\/index.php?rest_route=\/wp\/v2\/pages\/1244","targetHints":{"allow":["GET"]}}],"collection":[{"href":"https:\/\/kitabiberbau.ch\/index.php?rest_route=\/wp\/v2\/pages"}],"about":[{"href":"https:\/\/kitabiberbau.ch\/index.php?rest_route=\/wp\/v2\/types\/page"}],"author":[{"embeddable":true,"href":"https:\/\/kitabiberbau.ch\/index.php?rest_route=\/wp\/v2\/users\/1"}],"replies":[{"embeddable":true,"href":"https:\/\/kitabiberbau.ch\/index.php?rest_route=%2Fwp%2Fv2%2Fcomments&post=1244"}],"version-history":[{"count":2,"href":"https:\/\/kitabiberbau.ch\/index.php?rest_route=\/wp\/v2\/pages\/1244\/revisions"}],"predecessor-version":[{"id":1246,"href":"https:\/\/kitabiberbau.ch\/index.php?rest_route=\/wp\/v2\/pages\/1244\/revisions\/1246"}],"wp:attachment":[{"href":"https:\/\/kitabiberbau.ch\/index.php?rest_route=%2Fwp%2Fv2%2Fmedia&parent=1244"}],"curies":[{"name":"wp","href":"https:\/\/api.w.org\/{rel}","templated":true}]}}