{"id":1132,"date":"2024-09-11T18:25:29","date_gmt":"2024-09-11T18:25:29","guid":{"rendered":"https:\/\/kitabiberbau.ch\/?page_id=1132"},"modified":"2024-09-11T20:06:10","modified_gmt":"2024-09-11T20:06:10","slug":"philosophie-weinfelden","status":"publish","type":"page","link":"https:\/\/kitabiberbau.ch\/?page_id=1132","title":{"rendered":"Philosophie Weinfelden"},"content":{"rendered":"<div id=\"cs-content\" class=\"cs-content\"><div class=\"x-section x-hide-sm x-hide-xs e1132-e1 mvg-0 mvg-1\"><div class=\"x-bg\" aria-hidden=\"true\"><div class=\"x-bg-layer-lower-image\"><\/div><\/div><div class=\"x-row x-container max width e1132-e2 mvg-3 mvg-4 mvg-5\"><div class=\"x-row-inner\"><div class=\"x-col e1132-e3 mvg-h\"><div class=\"x-text x-content e1132-e4 mvg-i mvg-j mvg-k mvg-l mvg-m\"><h1 style=\"text-align: center;\"><span style=\"color: #ffffff;\">Philosophie<\/span><\/h1><\/div><\/div><\/div><\/div><\/div><div class=\"x-section x-hide-sm x-hide-xs e1132-e5 mvg-0 mvg-2\"><div class=\"x-row x-container max width e1132-e6 mvg-3 mvg-4 mvg-6\"><div class=\"x-row-inner\"><div class=\"x-col e1132-e7 mvg-h\"><div class=\"x-text x-content e1132-e8 mvg-i mvg-j mvg-k mvg-n mvg-o\"><p style=\"text-align: center;\">Unsere Kita bietet den Kindern Sicherheit und Geborgenheit. <br \/>\nWir gehen offen und flexibel auf die Bed\u00fcrfnisse der Kinder ein<\/p><\/div><div class=\"x-text x-content e1132-e9 mvg-i mvg-j mvg-m mvg-p mvg-q\"><p style=\"text-align: justify;\">Unser Tagesablauf orientiert sich an festen Bring- und Abholzeiten, an Aktivit&auml;ts-, Mittags- und Ruhezeiten. Innerhalb dieser Strukturen achten wir darauf, flexibel und offen auf die Bed&uuml;rfnisse der Kinder eingehen zu k&ouml;nnen.&nbsp; Nicht nur klare Strukturen bieten den Kindern Sicherheit, auch Rituale und Regeln geben Halt und Geborgenheit. Morgenrituale erleichtern den Kindern das Ankommen in der Kita, die Integration in der Kindergruppe und den Start in den Tag. Auch der &Uuml;bergang vom Freispiel oder gef&uuml;hrten Aktivit&auml;ten in die Mittags- und Ruhezeit ist begleitet von Ritualen. Wir versammeln die Kinder im Kreis, machen Kreisspiele, erz&auml;hlen Geschichten oder singen Lieder. Das Ende des Kita-Tages signalisiert ein Abschiedsritual und das &Uuml;bergabegespr&auml;ch mit den Eltern.<br \/>Wir bieten den Kindern vielf&auml;ltige, gef&uuml;hrte Aktivit&auml;ten, unternehmen t&auml;glich etwas in der Natur und geben den Kindern gen&uuml;gend Raum f&uuml;r freies Spiel. Wir achten darauf, dass Erholung und Entspannung vom spannenden und interessanten, aber auch anstrengenden Kita-Alltag nicht zu kurz kommt. Jedes Kind braucht Ruhe oder Schlaf um neue Energie tanken zu k&ouml;nnen.<\/p><\/div><\/div><\/div><\/div><div class=\"x-row x-container max width e1132-e10 mvg-3 mvg-4 mvg-7\"><div class=\"x-row-inner\"><div class=\"x-col e1132-e11 mvg-h\"><hr class=\"x-line e1132-e12 mvg-t mvg-u\"\/><div class=\"x-text x-content e1132-e13 mvg-i mvg-j mvg-k mvg-n mvg-o\"><p style=\"text-align: center;\">Wir unterst&uuml;tzen Ihr Kind beim Kennenlernen und Vermitteln der eigenen Pers&ouml;nlichkeit <br \/>und beim Umgang mit den verschiedenen Charakteren seiner Mitmenschen<\/p><\/div><div class=\"x-text x-content e1132-e14 mvg-i mvg-j mvg-m mvg-p mvg-q\"><p style=\"text-align: justify;\">Sorgf&auml;ltig bauen unsere Betreuungspersonen die Beziehung zu Ihrem Kind auf. Wir schenken Ihrem Kind Aufmerksamkeit und Wertsch&auml;tzung und begegnen ihm verl&auml;sslich, empathisch und vertrauensvoll.<br \/>Jedes Kind ist einzigartig und bereichert das Zusammensein in der Kita auf seine eigene Art. Kinder k&ouml;nnen voneinander und von der Vielfalt der Menschen lernen und unterschiedliche Kontakte kn&uuml;pfen. Wir legen Wert darauf, dass sich alle Kinder der Gruppe zugeh&ouml;rig f&uuml;hlen.<\/p><\/div><\/div><\/div><\/div><div class=\"x-row x-container max width e1132-e15 mvg-3 mvg-4 mvg-8\"><div class=\"x-row-inner\"><div class=\"x-col e1132-e16 mvg-h\"><hr class=\"x-line e1132-e17 mvg-t mvg-u\"\/><div class=\"x-text x-content e1132-e18 mvg-i mvg-j mvg-k mvg-n mvg-o\"><p style=\"text-align: center;\">Wir f&ouml;rdern Ihr Kind ganzheitlich und individuell und begegnen ihm mit Achtung und Interesse<\/p><\/div><div class=\"x-text x-content e1132-e19 mvg-i mvg-j mvg-m mvg-p mvg-q\"><p style=\"text-align: justify;\">Wir fordern und f&ouml;rdern die Kinder ganzheitlich in den verschiedenen Entwicklungsbereichen und erm&ouml;glichen ihnen so individuelle Erfolgserlebnisse. Das Kind lernt, auf seine F&auml;higkeiten zu vertrauen und wir festigen das gewonnene Selbstvertrauen durch positives Verst&auml;rken.<\/p><\/div><\/div><\/div><\/div><div class=\"x-row x-container max width e1132-e20 mvg-3 mvg-4 mvg-9\"><div class=\"x-row-inner\"><div class=\"x-col e1132-e21 mvg-h\"><hr class=\"x-line e1132-e22 mvg-u mvg-v\"\/><div class=\"x-text x-content e1132-e23 mvg-i mvg-j mvg-m mvg-p mvg-q\"><p style=\"text-align: justify;\">F&uuml;r weitere Informationen stellen wir Ihnen gerne das Betriebskonzept zur Verf&uuml;gung. Bitte nehmen Sie dazu <a href=\"https:\/\/kitabiberbau.ch\/?page_id=1128\">Kontakt <\/a>mit uns auf.<\/p><\/div><hr class=\"x-line e1132-e24 mvg-u mvg-v\"\/><\/div><\/div><\/div><div class=\"x-row x-container max width e1132-e25 mvg-3 mvg-4 mvg-a\"><div class=\"x-row-inner\"><div class=\"x-col e1132-e26 mvg-h\"><span class=\"x-image e1132-e27 mvg-w\"><img decoding=\"async\" src=\"https:\/\/kitabiberbau.ch\/wp-content\/uploads\/2021\/03\/hands-web-1.jpg\" width=\"700\" height=\"466\" alt=\"Kinderh\u00e4nde\" loading=\"lazy\"><\/span><\/div><div class=\"x-col e1132-e28 mvg-h\"><span class=\"x-image e1132-e29 mvg-w\"><img decoding=\"async\" src=\"https:\/\/kitabiberbau.ch\/wp-content\/uploads\/2021\/03\/little-boy_web.jpg\" width=\"700\" height=\"466\" alt=\"Kleinkind in der Kita Biberbau\" loading=\"lazy\"><\/span><\/div><div class=\"x-col e1132-e30 mvg-h\"><span class=\"x-image e1132-e31 mvg-w\"><img decoding=\"async\" src=\"https:\/\/kitabiberbau.ch\/wp-content\/uploads\/2021\/03\/kids-weltkugel_web.jpg\" width=\"700\" height=\"463\" alt=\"Junge Vorschulkind\" loading=\"lazy\"><\/span><\/div><\/div><\/div><\/div><div class=\"x-section x-hide-lg x-hide-md x-hide-xl e1132-e32 mvg-0 mvg-1\"><div class=\"x-bg\" aria-hidden=\"true\"><div class=\"x-bg-layer-lower-image\"><\/div><\/div><div class=\"x-row x-container max width e1132-e33 mvg-3 mvg-4 mvg-b\"><div class=\"x-row-inner\"><div class=\"x-col e1132-e34 mvg-h\"><div class=\"x-text x-content e1132-e35 mvg-i mvg-j mvg-k mvg-m mvg-q\"><h2 style=\"text-align: center;\"><span style=\"color: #ffffff;\">Philosophie<\/span><\/h2><\/div><\/div><\/div><\/div><\/div><div class=\"x-section x-hide-lg x-hide-md x-hide-xl e1132-e36 mvg-0 mvg-2\"><div class=\"x-row x-container max width e1132-e37 mvg-3 mvg-4 mvg-c\"><div class=\"x-row-inner\"><div class=\"x-col e1132-e38 mvg-h\"><div class=\"x-text x-content e1132-e39 mvg-i mvg-k mvg-o mvg-r\"><p style=\"text-align: center;\">Unsere Kita bietet den Kindern Sicherheit und Geborgenheit. <br \/>Wir gehen offen und flexibel auf die Bed&uuml;rfnisse der Kinder ein<\/p><\/div><div class=\"x-text x-content e1132-e40 mvg-i mvg-j mvg-m mvg-p mvg-s\"><p style=\"text-align: justify;\">Unser Tagesablauf orientiert sich an festen Bring- und Abholzeiten, an Aktivit&auml;ts-, Mittags- und Ruhezeiten. Innerhalb dieser Strukturen achten wir darauf, flexibel und offen auf die Bed&uuml;rfnisse der Kinder eingehen zu k&ouml;nnen.&nbsp; Nicht nur klare Strukturen bieten den Kindern Sicherheit, auch Rituale und Regeln geben Halt und Geborgenheit. Morgenrituale erleichtern den Kindern das Ankommen in der Kita, die Integration in der Kindergruppe und den Start in den Tag. Auch der &Uuml;bergang vom Freispiel oder gef&uuml;hrten Aktivit&auml;ten in die Mittags- und Ruhezeit ist begleitet von Ritualen. Wir versammeln die Kinder im Kreis, machen Kreisspiele, erz&auml;hlen Geschichten oder singen Lieder. Das Ende des Kita-Tages signalisiert ein Abschiedsritual und das &Uuml;bergabegespr&auml;ch mit den Eltern.<br \/>Wir bieten den Kindern vielf&auml;ltige, gef&uuml;hrte Aktivit&auml;ten, unternehmen t&auml;glich etwas in der Natur und geben den Kindern gen&uuml;gend Raum f&uuml;r freies Spiel. Wir achten darauf, dass Erholung und Entspannung vom spannenden und interessanten, aber auch anstrengenden Kita-Alltag nicht zu kurz kommt. Jedes Kind braucht Ruhe oder Schlaf um neue Energie tanken zu k&ouml;nnen.<\/p><\/div><\/div><\/div><\/div><div class=\"x-row x-container max width e1132-e41 mvg-3 mvg-4 mvg-d\"><div class=\"x-row-inner\"><div class=\"x-col e1132-e42 mvg-h\"><hr class=\"x-line e1132-e43 mvg-t mvg-u\"\/><div class=\"x-text x-content e1132-e44 mvg-i mvg-k mvg-o mvg-r\"><p style=\"text-align: center;\">Wir unterst&uuml;tzen Ihr Kind beim Kennenlernen und Vermitteln der eigenen Pers&ouml;nlichkeit <br \/>und beim Umgang mit den verschiedenen Charakteren seiner Mitmenschen<\/p><\/div><div class=\"x-text x-content e1132-e45 mvg-i mvg-j mvg-m mvg-p mvg-s\"><p style=\"text-align: justify;\">Sorgf\u00e4ltig bauen unsere Betreuungspersonen die Beziehung zu Ihrem Kind auf. Wir schenken Ihrem Kind Aufmerksamkeit und Wertsch\u00e4tzung und begegnen ihm verl\u00e4sslich, empathisch und vertrauensvoll.<br \/>\nJedes Kind ist einzigartig und bereichert das Zusammensein in der Kita auf seine eigene Art. Kinder k\u00f6nnen voneinander und von der Vielfalt der Menschen lernen und unterschiedliche Kontakte kn\u00fcpfen. Wir legen Wert darauf, dass sich alle Kinder der Gruppe zugeh\u00f6rig f\u00fchlen.<\/p><\/div><\/div><\/div><\/div><div class=\"x-row x-container max width e1132-e46 mvg-3 mvg-4 mvg-e\"><div class=\"x-row-inner\"><div class=\"x-col e1132-e47 mvg-h\"><hr class=\"x-line e1132-e48 mvg-t mvg-u\"\/><div class=\"x-text x-content e1132-e49 mvg-i mvg-k mvg-o mvg-r\"><p style=\"text-align: center;\">Wir f&ouml;rdern Ihr Kind ganzheitlich und individuell und begegnen ihm mit Achtung und Interesse<\/p><\/div><div class=\"x-text x-content e1132-e50 mvg-i mvg-j mvg-m mvg-p mvg-s\"><p style=\"text-align: justify;\">Wir fordern und f&ouml;rdern die Kinder ganzheitlich in den verschiedenen Entwicklungsbereichen und erm&ouml;glichen ihnen so individuelle Erfolgserlebnisse. Das Kind lernt, auf seine F&auml;higkeiten zu vertrauen und wir festigen das gewonnene Selbstvertrauen durch positives Verst&auml;rken.<\/p><\/div><\/div><\/div><\/div><div class=\"x-row x-container max width e1132-e51 mvg-3 mvg-4 mvg-f\"><div class=\"x-row-inner\"><div class=\"x-col e1132-e52 mvg-h\"><hr class=\"x-line e1132-e53 mvg-u mvg-v\"\/><div class=\"x-text x-content e1132-e54 mvg-i mvg-j mvg-m mvg-p mvg-q\"><p style=\"text-align: justify;\">F&uuml;r weitere Informationen stellen wir Ihnen gerne das Betriebskonzept und unser P&auml;dagogisches Konzept zur Verf&uuml;gung. Bitte nehmen Sie dazu <a href=\"https:\/\/kitabiberbau.ch\/?page_id=1128\">Kontakt<\/a> mit uns auf.&nbsp;&nbsp;<\/p><\/div><hr class=\"x-line e1132-e55 mvg-u mvg-v\"\/><\/div><\/div><\/div><div class=\"x-row x-container max width e1132-e56 mvg-3 mvg-4 mvg-g\"><div class=\"x-row-inner\"><div class=\"x-col e1132-e57 mvg-h\"><span class=\"x-image e1132-e58 mvg-w\"><img decoding=\"async\" src=\"https:\/\/kitabiberbau.ch\/wp-content\/uploads\/2021\/03\/hands-web-1.jpg\" width=\"700\" height=\"466\" alt=\"Kinderh\u00e4nde\" loading=\"lazy\"><\/span><\/div><div class=\"x-col e1132-e59 mvg-h\"><span class=\"x-image e1132-e60 mvg-w\"><img decoding=\"async\" src=\"https:\/\/kitabiberbau.ch\/wp-content\/uploads\/2021\/03\/little-boy_web.jpg\" width=\"700\" height=\"466\" alt=\"Kleinkind in der Kita Biberbau\" loading=\"lazy\"><\/span><\/div><div class=\"x-col e1132-e61 mvg-h\"><span class=\"x-image e1132-e62 mvg-w\"><img decoding=\"async\" src=\"https:\/\/kitabiberbau.ch\/wp-content\/uploads\/2021\/03\/kids-weltkugel_web.jpg\" width=\"700\" height=\"463\" alt=\"Junge Vorschulkind\" loading=\"lazy\"><\/span><\/div><\/div><\/div><\/div><\/div>\n","protected":false},"excerpt":{"rendered":"<p>PhilosophieUnsere Kita bietet den Kindern Sicherheit und Geborgenheit. Wir gehen offen und flexibel auf die Bed\u00fcrfnisse der Kinder einUnser Tagesablauf orientiert sich an festen Bring- und Abholzeiten, an Aktivit&auml;ts-, Mittags- und Ruhezeiten. Innerhalb dieser Strukturen achten wir darauf, flexibel und offen auf die Bed&uuml;rfnisse der Kinder eingehen zu k&ouml;nnen.&nbsp; Nicht nur klare Strukturen bieten den Kindern Sicherheit, auch Rituale und &#8230; <\/p>\n<div><a href=\"https:\/\/kitabiberbau.ch\/?page_id=1132\" class=\"more-link\">Read More<\/a><\/div>\n","protected":false},"author":1,"featured_media":0,"parent":0,"menu_order":0,"comment_status":"closed","ping_status":"closed","template":"template-blank-4.php","meta":{"footnotes":""},"class_list":["post-1132","page","type-page","status-publish","hentry","no-post-thumbnail"],"_links":{"self":[{"href":"https:\/\/kitabiberbau.ch\/index.php?rest_route=\/wp\/v2\/pages\/1132","targetHints":{"allow":["GET"]}}],"collection":[{"href":"https:\/\/kitabiberbau.ch\/index.php?rest_route=\/wp\/v2\/pages"}],"about":[{"href":"https:\/\/kitabiberbau.ch\/index.php?rest_route=\/wp\/v2\/types\/page"}],"author":[{"embeddable":true,"href":"https:\/\/kitabiberbau.ch\/index.php?rest_route=\/wp\/v2\/users\/1"}],"replies":[{"embeddable":true,"href":"https:\/\/kitabiberbau.ch\/index.php?rest_route=%2Fwp%2Fv2%2Fcomments&post=1132"}],"version-history":[{"count":2,"href":"https:\/\/kitabiberbau.ch\/index.php?rest_route=\/wp\/v2\/pages\/1132\/revisions"}],"predecessor-version":[{"id":1143,"href":"https:\/\/kitabiberbau.ch\/index.php?rest_route=\/wp\/v2\/pages\/1132\/revisions\/1143"}],"wp:attachment":[{"href":"https:\/\/kitabiberbau.ch\/index.php?rest_route=%2Fwp%2Fv2%2Fmedia&parent=1132"}],"curies":[{"name":"wp","href":"https:\/\/api.w.org\/{rel}","templated":true}]}}